{"id":96,"date":"2024-08-08T12:21:07","date_gmt":"2024-08-08T12:21:07","guid":{"rendered":"https:\/\/santamariaigualada.com\/cat\/?page_id=96"},"modified":"2024-08-13T10:17:15","modified_gmt":"2024-08-13T10:17:15","slug":"sant-crist-digualada","status":"publish","type":"page","link":"https:\/\/santamariaigualada.com\/cat\/?page_id=96","title":{"rendered":"Sant Crist d&#8217;Igualada"},"content":{"rendered":"\n<figure class=\"wp-block-image size-full is-resized\"><img loading=\"lazy\" decoding=\"async\" width=\"352\" height=\"510\" src=\"https:\/\/santamariaigualada.com\/cat\/wp-content\/uploads\/2024\/08\/StCrist_s2.jpg\" alt=\"\" class=\"wp-image-159\" style=\"width:295px;height:auto\" srcset=\"https:\/\/santamariaigualada.com\/cat\/wp-content\/uploads\/2024\/08\/StCrist_s2.jpg 352w, https:\/\/santamariaigualada.com\/cat\/wp-content\/uploads\/2024\/08\/StCrist_s2-207x300.jpg 207w\" sizes=\"auto, (max-width: 352px) 100vw, 352px\" \/><\/figure>\n\n\n\n<p><strong>Hist\u00f2ria o llegenda?<\/strong><\/p>\n\n\n\n<p>Parlar d&#8217;un fet religi\u00f3s esdevingut fa m\u00e9s de quatre-cents anys, posa a l&#8217;aguait l&#8217;home del segle XXI. Ser\u00e0 una narraci\u00f3 veridica o una narraci\u00f3 d&#8217;aparen\u00e7a m\u00e9s o menys hist\u00f2rica amb elements imaginatius? Hist\u00f2ria o llegenda? La cr\u00edtica hist\u00f2rica exigeix una documentaci\u00f3 seriosa. Fa b\u00e9. Cal defugir de la credibilitat pueril i purament sensible, sense caure, per\u00f2, en la negaci\u00f3 aprior\u00edstica, simplement perqu\u00e8 el cas s&#8217;escapa de l&#8217;experi\u00e8ncia sensible i t\u00e8cnica.<\/p>\n\n\n\n<p>Aquest comentari entorn del Sant Crist d&#8217;Igualada pret\u00e9n oferir un resum brev\u00edssim d&#8217;un estudi hist\u00f2ric, fet per un monjo igualadi, el P. Romuald D\u00edaz, prou conegut precisament pel rigor cient\u00edfic dels seus treballs.<\/p>\n\n\n\n<p>Aquest fet ins\u00f2lit ha arribat fins a nosaltres, no pas per una tradici\u00f3 oral vaga o incerta, sin\u00f3 que ens \u00e9s atestat per la declaraci\u00f3 aut\u00e8ntica que recull l&#8217;Instrumento P\u00fablico&#8221; i que reprodueix \u00edntegrament en el seu llibre.<\/p>\n\n\n\n<p>Hi trobem declaracions d&#8217;eclesi\u00e0stics, dels batlles i de gent del poble, fetes amb gran senzillesa i espontane\u00eftat. El document \u00e9s redactat amb un gran seny els dies immediats al fet, i ens ve amb totes les garanties d&#8217;autenticitat &#8220;Tenim una documentaci\u00f3 hist\u00f2rica&#8221; -diu el P. D\u00edaz- en la qual podem confiar. Unes declaracions com les que tenim no s&#8217;inventen.<\/p>\n\n\n\n<h2 class=\"wp-block-heading\">EL SANT CRIST, UN PROTAGONISTA DE LA NOSTRA HIST\u00d2RIA<\/h2>\n\n\n\n<p>La noia Coloma, vidua Masarda, Miquel Quadres, Gaspar Sanjust, entre altres, foren els primers testimonis de l&#8217;esdeveniment, les declaracions dels quals consten ben documentades. No fou, per\u00f2, solament un petit grupet de persones sin\u00f3 tot el poble igualad\u00ed, que amb pietat i serenor va comprovar el fet de la Suor de Sang, un fet acceptat i viscut amb fidelitat i const\u00e0ncia des del 20 d&#8217;abril de 1590 fins avui. Evidentment, el Sant Crist, protagonitza moltes p\u00e0gines de la nostra hist\u00f2ria.<\/p>\n\n\n\n<p><strong>L&#8217;Esgl\u00e9sia Gran i la Capella del Sant Crist.<\/strong><\/p>\n\n\n\n<figure class=\"wp-block-image size-full\"><img loading=\"lazy\" decoding=\"async\" width=\"980\" height=\"230\" src=\"https:\/\/santamariaigualada.com\/cat\/wp-content\/uploads\/2024\/08\/StCrist_s3b.jpg\" alt=\"\" class=\"wp-image-166\" srcset=\"https:\/\/santamariaigualada.com\/cat\/wp-content\/uploads\/2024\/08\/StCrist_s3b.jpg 980w, https:\/\/santamariaigualada.com\/cat\/wp-content\/uploads\/2024\/08\/StCrist_s3b-300x70.jpg 300w, https:\/\/santamariaigualada.com\/cat\/wp-content\/uploads\/2024\/08\/StCrist_s3b-768x180.jpg 768w\" sizes=\"auto, (max-width: 980px) 100vw, 980px\" \/><\/figure>\n\n\n\n<p>Any 1617: La devoci\u00f3 al Sant Crist impulsa la construcci\u00f3 de l&#8217;actual esgl\u00e9sia de Santa Maria, una obra gegantina donada les circumst\u00e0ncies econ\u00f2miques d&#8217;aquells temps. S&#8217;acaba a les darreries del segle XVII.<\/p>\n\n\n\n<p>Any 1702: Comencen les obres de l&#8217;actual Capella del Sant Crist. Duren uns trenta anys. El fam\u00f3s pintor Francesc Tramulles pinta la c\u00fapula, \u00e9s la pintura m\u00e9s remarcable que posseeix la nostre ciutat.<\/p>\n\n\n\n<p><strong>La festa<\/strong><\/p>\n\n\n\n<p>Exceptuant uns pocs anys, sempre s&#8217;ha celebrat el dimarts de Pasqua. \u00c9s la festa m\u00e9s viscuda i participada, sovint i darrerament sempre, presidida per bisbes i abats, cantada per predicadors il-lustres i acompanyada de la pres\u00e8ncia multitudin\u00e0ria dels fidels, tant a l&#8217;ofici lit\u00fargic com a la process\u00f3. Una pasqua igualadina.<br><br>Malgrat que el prodigi de la suor de sang es va donar el 20 d\u2019abril de 1590, divendres sant, sempre es situa la festa del Sant Crist el dimarts despr\u00e9s de pasqua per no interferir en les celebracions pasquals.<\/p>\n\n\n\n<p>Durant la quaresma, es celebra cada divendres la preg\u00e0ria o \u2018<em>miserere<\/em>\u2019, i missa per preparar la pasqua i la festa de la devoci\u00f3 al Cant Crist d\u2019Igualada. El cinqu\u00e8 divendres de quaresma es porta sempre aquest acte al santuari de la Mare de D\u00e9u de la Pietat, copatrona d\u2019Igualada, en la seva festa anyal.<\/p>\n\n\n\n<p>Encara que les dates van variant, els diversos actes de quaresma, pasqua i festa del Sant Crist es van repetint any rere any, principalment, l\u2019ofici solemne del mat\u00ed del dimarts \u00a0de pasqua, la process\u00f3 de la tarda, i alguns anys les vespres solemnes del dilluns de pasqua, vig\u00edlia de la festa.<\/p>\n\n\n\n<p><strong>Devoci\u00f3<\/strong><\/p>\n\n\n\n<p>Copiem del llibre del P. D\u00edaz: &#8220;Cal esmentar aquelles ocasions de necessitats i flagells p\u00fablics en els quals la vila o la ciutat, al llarg de mes de tres segles i mig ha acudit al Crist. Cal remarcar la relaci\u00f3 que sempre hi ha tingut de necessitat i recurs al Sant Crist&#8221;. I tamb\u00e9 amb motiu de solemnes festes extraordin\u00e0ries, com fou, per exemple la gesta del Bruc.<\/p>\n\n\n\n<p>La festa i devoci\u00f3 al Sant Crist \u00e9s mantinguda pels <a href=\"https:\/\/x.com\/santcristigd\" target=\"_blank\" rel=\"noreferrer noopener\">Priors del Sant Crist<\/a>.<\/p>\n\n\n\n<p><strong>Literatura<\/strong><\/p>\n\n\n\n<p>S&#8217;han escrit quatre hist\u00f2ries sobre el Sant Crist: Mn.Joan Padr\u00f3 i Serrals, prevere, poc abans del 1737; \u00e9s la primera obra igualadina impresa. Jaume Gomis i Galt\u00e9s, prevere, amplia l&#8217;anterior l&#8217;any 1852. Francesc M. Colomer, Prior, en redacta una amb m\u00e9s amplitud; era l&#8217;any 1916. I la del Pare Romuald D\u00edaz, l&#8217;any 1965. Cal fer esment dels devocionaris escrits que s&#8217;utilitzen especialment en les funcions del Miserere i de la Novena. I no podem oblidar l&#8217;extensa producci\u00f3 po\u00e8tica que s&#8217;ha escrit entorn del Sant Crist, i les diverses edicions dels goigs, particularment els de l&#8217;any 1929, els que actualment es canten. Finalment evoquem la figura del Dr. Torras i Bages, el te\u00f2leg del Sant Crist, amb la seva pastoral &#8220;L&#8217;Esp\u00f3s de Sang&#8221;, l&#8217;any 1900.<\/p>\n\n\n\n<p><strong>P\u00e8rdua i reposici\u00f3 de la imatge<\/strong><\/p>\n\n\n\n<p>Sembla que pel juliol de 1936 la imatge fou cremada. Perduda l&#8217;esperan\u00e7a de recuperar-la es decid\u00ed fer-ne una reproducci\u00f3. Fou bene\u00efda l&#8217;any 1944. La devoci\u00f3 continua viva.<\/p>\n\n\n\n<p><\/p>\n","protected":false},"excerpt":{"rendered":"<p>Hist\u00f2ria o llegenda? Parlar d&#8217;un fet religi\u00f3s esdevingut fa m\u00e9s de quatre-cents anys, posa a l&#8217;aguait l&#8217;home del segle XXI. Ser\u00e0 una narraci\u00f3 veridica o una narraci\u00f3 d&#8217;aparen\u00e7a m\u00e9s o&hellip;<\/p>\n","protected":false},"author":1,"featured_media":0,"parent":0,"menu_order":0,"comment_status":"closed","ping_status":"closed","template":"","meta":{"footnotes":""},"class_list":["post-96","page","type-page","status-publish","hentry"],"_links":{"self":[{"href":"https:\/\/santamariaigualada.com\/cat\/index.php?rest_route=\/wp\/v2\/pages\/96","targetHints":{"allow":["GET"]}}],"collection":[{"href":"https:\/\/santamariaigualada.com\/cat\/index.php?rest_route=\/wp\/v2\/pages"}],"about":[{"href":"https:\/\/santamariaigualada.com\/cat\/index.php?rest_route=\/wp\/v2\/types\/page"}],"author":[{"embeddable":true,"href":"https:\/\/santamariaigualada.com\/cat\/index.php?rest_route=\/wp\/v2\/users\/1"}],"replies":[{"embeddable":true,"href":"https:\/\/santamariaigualada.com\/cat\/index.php?rest_route=%2Fwp%2Fv2%2Fcomments&post=96"}],"version-history":[{"count":8,"href":"https:\/\/santamariaigualada.com\/cat\/index.php?rest_route=\/wp\/v2\/pages\/96\/revisions"}],"predecessor-version":[{"id":187,"href":"https:\/\/santamariaigualada.com\/cat\/index.php?rest_route=\/wp\/v2\/pages\/96\/revisions\/187"}],"wp:attachment":[{"href":"https:\/\/santamariaigualada.com\/cat\/index.php?rest_route=%2Fwp%2Fv2%2Fmedia&parent=96"}],"curies":[{"name":"wp","href":"https:\/\/api.w.org\/{rel}","templated":true}]}}