{"id":92,"date":"2024-08-08T12:09:40","date_gmt":"2024-08-08T12:09:40","guid":{"rendered":"https:\/\/santamariaigualada.com\/cat\/?page_id=92"},"modified":"2024-08-14T08:48:01","modified_gmt":"2024-08-14T08:48:01","slug":"lorgue","status":"publish","type":"page","link":"https:\/\/santamariaigualada.com\/cat\/?page_id=92","title":{"rendered":"l&#8217;Orgue"},"content":{"rendered":"\n<figure class=\"wp-block-image size-full\"><img loading=\"lazy\" decoding=\"async\" width=\"766\" height=\"380\" src=\"https:\/\/santamariaigualada.com\/cat\/wp-content\/uploads\/2024\/08\/orgue_s3.jpg\" alt=\"\" class=\"wp-image-226\" srcset=\"https:\/\/santamariaigualada.com\/cat\/wp-content\/uploads\/2024\/08\/orgue_s3.jpg 766w, https:\/\/santamariaigualada.com\/cat\/wp-content\/uploads\/2024\/08\/orgue_s3-300x149.jpg 300w\" sizes=\"auto, (max-width: 766px) 100vw, 766px\" \/><\/figure>\n\n\n\n<p><br>Sota el roset\u00f3 hi ha el gran orgue, restaurat i ampliat en diverses ocasions i que ha esdevingut un dels m\u00e9s notables de Catalunya. Tamb\u00e9 podem observar una antiga manxa de vent manual. Aquest orgue \u00e9s successor del que va construir Anton Bosc\u00e0 el 1758, ocupava la tribuna del tercer tram de la nau, al costat de l\u2019ep\u00edstola. El 1912 Miquel Bertran constru\u00ed un orgue nou al cor superior, reutilitzant material intern de l\u2019antic instrument. La darrera intervenci\u00f3 ha anat a c\u00e0rrec de Gerhard Grenzing, que entre el 1978 i el 1996 l\u2019ha reconcebut i ampliat.<\/p>\n\n\n\n<p><strong>Detalls t\u00e8cnics de composici\u00f3 de l&#8217;instrument:<\/strong><\/p>\n\n\n\n<p class=\"has-small-font-size\"><em>(Descripci\u00f3 facilitada per Josep Maria Escalona)<\/em><\/p>\n\n\n\n<figure class=\"wp-block-table\"><table class=\"has-fixed-layout\"><tbody><tr><td><strong>Primer teclat manual:<\/strong><br>C-g\u201d\u2019 (56 notes)<\/td><td><strong>Segon teclat manual:<\/strong><br>C-g\u201d\u2019 (56 notes)<\/td><td><strong>Teclat de pedal:<\/strong><br>C-f\u2019 (30 notes)<\/td><\/tr><tr><td>Flautat viol\u00f3 16\u2019<br>Flautat principal 8\u2019<br>Flautat 8\u2019<br>Octava 4\u2019<br>Dotzena nasarda 2 2\/3\u2019<br>Quinzena 2\u2019<br>Quinzena nasarda 2\u2019<br>Ple IV 2\u2019<br>Ple III 1\u2019<br>Corneta V (c\u2019-g\u201d\u2019) 8\u2019<br>Trompeta real 8\u2019<br>Baixons i clarins 4\u2019 i 8\u2019<br>Violetes i clarins 2\u2019 i 8\u2019<\/td><td>Flauta harm\u00f2nica 8\u2019<br>Flautat viol\u00f3 8\u2019<br>Veu c\u00e8lica 8\u2019<br>Octava 4\u2019<br>Quinzena 2\u2019<br>Cimbalet III 1 1\/3<br>Fagot i obo\u00e8 8\u2019<br>Clarinet 8\u2019<br><br><br><br><br><\/td><td>Contres 16\u2019<br>Contres 8\u2019<br>Octava 4\u2019<br>Quinzena 2\u2019<br>Bombarda 16\u2019<br>Trompeta 8\u2019<br><br><br><br><br><br><\/td><\/tr><tr><td>Combinacions i efectes<br>II al I<br>II al pedal<br>I al pedal<br>Trompeteria<br>Expressi\u00f3 del II<br>Tr\u00e8molo<\/td><td><\/td><td><\/td><\/tr><tr><td>To: a\u2019=440 Hz als 20\u00ba C<\/td><td><\/td><td><\/td><\/tr><\/tbody><\/table><\/figure>\n","protected":false},"excerpt":{"rendered":"<p>Sota el roset\u00f3 hi ha el gran orgue, restaurat i ampliat en diverses ocasions i que ha esdevingut un dels m\u00e9s notables de Catalunya. Tamb\u00e9 podem observar una antiga manxa&hellip;<\/p>\n","protected":false},"author":1,"featured_media":0,"parent":0,"menu_order":0,"comment_status":"closed","ping_status":"closed","template":"","meta":{"footnotes":""},"class_list":["post-92","page","type-page","status-publish","hentry"],"_links":{"self":[{"href":"https:\/\/santamariaigualada.com\/cat\/index.php?rest_route=\/wp\/v2\/pages\/92","targetHints":{"allow":["GET"]}}],"collection":[{"href":"https:\/\/santamariaigualada.com\/cat\/index.php?rest_route=\/wp\/v2\/pages"}],"about":[{"href":"https:\/\/santamariaigualada.com\/cat\/index.php?rest_route=\/wp\/v2\/types\/page"}],"author":[{"embeddable":true,"href":"https:\/\/santamariaigualada.com\/cat\/index.php?rest_route=\/wp\/v2\/users\/1"}],"replies":[{"embeddable":true,"href":"https:\/\/santamariaigualada.com\/cat\/index.php?rest_route=%2Fwp%2Fv2%2Fcomments&post=92"}],"version-history":[{"count":3,"href":"https:\/\/santamariaigualada.com\/cat\/index.php?rest_route=\/wp\/v2\/pages\/92\/revisions"}],"predecessor-version":[{"id":228,"href":"https:\/\/santamariaigualada.com\/cat\/index.php?rest_route=\/wp\/v2\/pages\/92\/revisions\/228"}],"wp:attachment":[{"href":"https:\/\/santamariaigualada.com\/cat\/index.php?rest_route=%2Fwp%2Fv2%2Fmedia&parent=92"}],"curies":[{"name":"wp","href":"https:\/\/api.w.org\/{rel}","templated":true}]}}