{"id":81,"date":"2024-08-08T11:56:56","date_gmt":"2024-08-08T11:56:56","guid":{"rendered":"https:\/\/santamariaigualada.com\/cat\/?page_id=81"},"modified":"2024-09-23T08:26:13","modified_gmt":"2024-09-23T08:26:13","slug":"retaule-major","status":"publish","type":"page","link":"https:\/\/santamariaigualada.com\/cat\/?page_id=81","title":{"rendered":"Retaule Major"},"content":{"rendered":"\n<figure class=\"wp-block-image size-full\"><img loading=\"lazy\" decoding=\"async\" width=\"352\" height=\"600\" src=\"https:\/\/santamariaigualada.com\/cat\/wp-content\/uploads\/2024\/08\/retaule_s3b.jpg\" alt=\"\" class=\"wp-image-237\" srcset=\"https:\/\/santamariaigualada.com\/cat\/wp-content\/uploads\/2024\/08\/retaule_s3b.jpg 352w, https:\/\/santamariaigualada.com\/cat\/wp-content\/uploads\/2024\/08\/retaule_s3b-176x300.jpg 176w\" sizes=\"auto, (max-width: 352px) 100vw, 352px\" \/><\/figure>\n\n\n\n<p>El retaule \u00e9s la pe\u00e7a m\u00e9s remarcable de la decoraci\u00f3 de l\u2019esgl\u00e9sia. Pertany al per\u00edode final del Barroc i \u00e9s un dels millors de Catalunya en el seu estil.<br><br>La imatgeria \u00e9s de Josep Sunyer i Raurell, de Manresa.<br><br>L\u2019arquitectura \u00e9s de Jacint Morat\u00f3 i Soler, de Vic.<\/p>\n\n\n\n<p>Podeu consultar una gigafoto del retaule a <a href=\"https:\/\/calaix.gencat.cat\/handle\/10687\/422520\" target=\"_blank\" rel=\"noreferrer noopener\">la web del Patrimoni Cultural de la Generalitat de Catalunya<\/a> (en l\u00ednia) o descarregar-vos directament la gigafoto al vostre ordinador mitjan\u00e7ant <a href=\"https:\/\/calaix.gencat.cat\/bitstream\/handle\/10687\/422520\/Retaule%20Major%20Panorama.jpg\" target=\"_blank\" rel=\"noreferrer noopener\">aquest enlla\u00e7 (45Mb)<\/a><\/p>\n\n\n\n<p><strong>Cronologia:<\/strong><\/p>\n\n\n\n<ul class=\"wp-block-list\">\n<li>1704: Primer projecte, interromput (com les obres de la capella del Sant\u00edssim i del Sant Crist per la Guerra de Successi\u00f3).<\/li>\n\n\n\n<li>1718: Comen\u00e7a la construcci\u00f3. Es substitueixen alguns efectismes barrocs caducats, per noves l\u00ednies classicistes amb l\u2019adveniment dels Borbons.<\/li>\n\n\n\n<li>1747: Acabament de l\u2019obra, despr\u00e9s de vint-i-nou anys.<\/li>\n\n\n\n<li>1787 &#8211; 1793: Treballs de daurat i decoraci\u00f3.<\/li>\n\n\n\n<li>1936: \u00c9s parcialment destru\u00eft. Es salven, per\u00f2, les imatges, els relleus i altres elements.<\/li>\n\n\n\n<li>1939: S\u2019empr\u00e8n la reconstrucci\u00f3 del retaule sota la direcci\u00f3 de C\u00e8sar Martinell i Brunet.<\/li>\n\n\n\n<li>1954: Consagraci\u00f3 de la mesa de l\u2019altar per l\u2019abat de Montserrat Aureli M\u00aa. Escarr\u00e9 i Jan\u00e9.<\/li>\n<\/ul>\n\n\n\n<figure class=\"wp-block-image size-full\"><img loading=\"lazy\" decoding=\"async\" width=\"510\" height=\"352\" src=\"https:\/\/santamariaigualada.com\/cat\/wp-content\/uploads\/2024\/08\/retaule_s2.jpg\" alt=\"\" class=\"wp-image-83\" srcset=\"https:\/\/santamariaigualada.com\/cat\/wp-content\/uploads\/2024\/08\/retaule_s2.jpg 510w, https:\/\/santamariaigualada.com\/cat\/wp-content\/uploads\/2024\/08\/retaule_s2-300x207.jpg 300w\" sizes=\"auto, (max-width: 510px) 100vw, 510px\" \/><\/figure>\n\n\n\n<p>En l\u2019arquitectura d\u2019aquest retaule, les elegants l\u00ednies classicistes posen una nota de contemplaci\u00f3 a les expansives formes barroques. Les imatges estan ben tallades i dotades de for\u00e7a expressiva i de dinamisme. Diversitat de relleus, garlandes i adornaments, decoren l\u2019estructura. El conjunt reflecteix l\u2019esperit de l\u2019\u00e8poca en qu\u00e8 fou constru\u00eft.<\/p>\n\n\n\n<p>Presideix el centre del retaule l\u2019airosa i bella talla policromada de Maria Immaculada. Als costats, sant Joaquim i santa Anna, pares de Maria. M\u00e9s amunt, sant Faust i sant Roc, d\u2019antiga devoci\u00f3 igualadina. A la part superior, sant Bartomeu , patr\u00f3 de la ciutat. Al mig del baldaqu\u00ed, damunt la Immaculada, el Pare Etern.<\/p>\n\n\n\n<p>Fan costat a aquestes figures diversitat d\u2019\u00e0ngels (remarquem els m\u00fasics, especialment el que toca la guitarra, pe\u00e7a ins\u00f2lita). Els que coronen el retaule, portadors d\u2019un sol i d\u2019unes construccions, simbolitzen l\u2019esperit renovador de l\u2019Esgl\u00e9sia, que irradi\u00e0 del Concili de Trento. Als peus de la Verge hi ha el filigranat manifestador daurat. A sota, un medall\u00f3 amb el Sant Sopar. Al pedestal de quatres de les sis columnes de marbre hi veiem els relleus de santa Ll\u00facia i dels sants Agust\u00ed, Ambr\u00f2s i Jeroni. Sobre les dues portes, coronades amb escuts de la ciutat amb marbre, hi ha uns plafons en relleu amb la presentaci\u00f3 i les esposalles de Maria.<\/p>\n\n\n\n<p>Una motllura de marbre blanc subratlla tot el conjunt, que figura estar sostingut per quatre atlants de marbre que representen les quatres estacions. A les parets laterals, dos grans plafons ornats amb l\u2019escut de la ciutat i amb \u00e0ngels, representen en relleu, l\u2019adoraci\u00f3 dels pastors i l\u2019adoraci\u00f3 dels Reis.<br><br><br><\/p>\n","protected":false},"excerpt":{"rendered":"<p>El retaule \u00e9s la pe\u00e7a m\u00e9s remarcable de la decoraci\u00f3 de l\u2019esgl\u00e9sia. Pertany al per\u00edode final del Barroc i \u00e9s un dels millors de Catalunya en el seu estil. La&hellip;<\/p>\n","protected":false},"author":1,"featured_media":0,"parent":0,"menu_order":0,"comment_status":"closed","ping_status":"closed","template":"","meta":{"footnotes":""},"class_list":["post-81","page","type-page","status-publish","hentry"],"_links":{"self":[{"href":"https:\/\/santamariaigualada.com\/cat\/index.php?rest_route=\/wp\/v2\/pages\/81","targetHints":{"allow":["GET"]}}],"collection":[{"href":"https:\/\/santamariaigualada.com\/cat\/index.php?rest_route=\/wp\/v2\/pages"}],"about":[{"href":"https:\/\/santamariaigualada.com\/cat\/index.php?rest_route=\/wp\/v2\/types\/page"}],"author":[{"embeddable":true,"href":"https:\/\/santamariaigualada.com\/cat\/index.php?rest_route=\/wp\/v2\/users\/1"}],"replies":[{"embeddable":true,"href":"https:\/\/santamariaigualada.com\/cat\/index.php?rest_route=%2Fwp%2Fv2%2Fcomments&post=81"}],"version-history":[{"count":7,"href":"https:\/\/santamariaigualada.com\/cat\/index.php?rest_route=\/wp\/v2\/pages\/81\/revisions"}],"predecessor-version":[{"id":605,"href":"https:\/\/santamariaigualada.com\/cat\/index.php?rest_route=\/wp\/v2\/pages\/81\/revisions\/605"}],"wp:attachment":[{"href":"https:\/\/santamariaigualada.com\/cat\/index.php?rest_route=%2Fwp%2Fv2%2Fmedia&parent=81"}],"curies":[{"name":"wp","href":"https:\/\/api.w.org\/{rel}","templated":true}]}}