{"id":59,"date":"2024-08-08T08:31:32","date_gmt":"2024-08-08T08:31:32","guid":{"rendered":"https:\/\/santamariaigualada.com\/cat\/?page_id=59"},"modified":"2025-01-30T16:56:00","modified_gmt":"2025-01-30T16:56:00","slug":"basilica","status":"publish","type":"page","link":"https:\/\/santamariaigualada.com\/cat\/?page_id=59","title":{"rendered":"Sobre la Bas\u00edlica"},"content":{"rendered":"\n<figure class=\"wp-block-image size-full\"><a href=\"https:\/\/santamariaigualada.com\/cat\/?page_id=18\u2197\"><img loading=\"lazy\" decoding=\"async\" width=\"510\" height=\"352\" src=\"https:\/\/santamariaigualada.com\/cat\/wp-content\/uploads\/2024\/08\/temple_actual.jpg\" alt=\"\" class=\"wp-image-50\" srcset=\"https:\/\/santamariaigualada.com\/cat\/wp-content\/uploads\/2024\/08\/temple_actual.jpg 510w, https:\/\/santamariaigualada.com\/cat\/wp-content\/uploads\/2024\/08\/temple_actual-300x207.jpg 300w\" sizes=\"auto, (max-width: 510px) 100vw, 510px\" \/><\/a><\/figure>\n\n\n\n<p><a href=\"https:\/\/santamariaigualada.com\/cat\/?page_id=18\">Hist\u00f2ria i descripci\u00f3<\/a><\/p>\n\n\n\n<p><a href=\"https:\/\/santamariaigualada.com\/cat\/?page_id=81\">Retaule Major<\/a><\/p>\n\n\n\n<p><a href=\"https:\/\/santamariaigualada.com\/cat\/?page_id=86\">El cor i el campanar<\/a><\/p>\n\n\n\n<p><a href=\"https:\/\/santamariaigualada.com\/cat\/?page_id=92\">l&#8217;Orgue<\/a><\/p>\n\n\n\n<p><a href=\"https:\/\/santamariaigualada.com\/cat\/?page_id=96\">Sant Crist d&#8217;Igualada<\/a><\/p>\n\n\n\n<p><a href=\"https:\/\/youtu.be\/YcMXZxNhqP8\">Fantas\u00eda Instrumental dels 75 anys de Bas\u00edlica Menor<\/a><\/p>\n\n\n\n<p><\/p>\n","protected":false},"excerpt":{"rendered":"<p>Hist\u00f2ria i descripci\u00f3 Retaule Major El cor i el campanar l&#8217;Orgue Sant Crist d&#8217;Igualada Fantas\u00eda Instrumental dels 75 anys de Bas\u00edlica Menor<\/p>\n","protected":false},"author":1,"featured_media":0,"parent":0,"menu_order":0,"comment_status":"closed","ping_status":"closed","template":"","meta":{"footnotes":""},"class_list":["post-59","page","type-page","status-publish","hentry"],"_links":{"self":[{"href":"https:\/\/santamariaigualada.com\/cat\/index.php?rest_route=\/wp\/v2\/pages\/59","targetHints":{"allow":["GET"]}}],"collection":[{"href":"https:\/\/santamariaigualada.com\/cat\/index.php?rest_route=\/wp\/v2\/pages"}],"about":[{"href":"https:\/\/santamariaigualada.com\/cat\/index.php?rest_route=\/wp\/v2\/types\/page"}],"author":[{"embeddable":true,"href":"https:\/\/santamariaigualada.com\/cat\/index.php?rest_route=\/wp\/v2\/users\/1"}],"replies":[{"embeddable":true,"href":"https:\/\/santamariaigualada.com\/cat\/index.php?rest_route=%2Fwp%2Fv2%2Fcomments&post=59"}],"version-history":[{"count":7,"href":"https:\/\/santamariaigualada.com\/cat\/index.php?rest_route=\/wp\/v2\/pages\/59\/revisions"}],"predecessor-version":[{"id":1259,"href":"https:\/\/santamariaigualada.com\/cat\/index.php?rest_route=\/wp\/v2\/pages\/59\/revisions\/1259"}],"wp:attachment":[{"href":"https:\/\/santamariaigualada.com\/cat\/index.php?rest_route=%2Fwp%2Fv2%2Fmedia&parent=59"}],"curies":[{"name":"wp","href":"https:\/\/api.w.org\/{rel}","templated":true}]}}