{"id":583,"date":"2024-09-18T16:21:38","date_gmt":"2024-09-18T16:21:38","guid":{"rendered":"https:\/\/santamariaigualada.com\/cat\/?page_id=583"},"modified":"2025-12-08T17:49:50","modified_gmt":"2025-12-08T17:49:50","slug":"grups-parroquials","status":"publish","type":"page","link":"https:\/\/santamariaigualada.com\/cat\/?page_id=583","title":{"rendered":"Grups Parroquials"},"content":{"rendered":"\n<figure class=\"wp-block-image size-large\"><img loading=\"lazy\" decoding=\"async\" width=\"1024\" height=\"576\" src=\"https:\/\/santamariaigualada.com\/cat\/wp-content\/uploads\/2025\/12\/Diapositiva1-2-1024x576.jpg\" alt=\"\" class=\"wp-image-2823\" srcset=\"https:\/\/santamariaigualada.com\/cat\/wp-content\/uploads\/2025\/12\/Diapositiva1-2-1024x576.jpg 1024w, https:\/\/santamariaigualada.com\/cat\/wp-content\/uploads\/2025\/12\/Diapositiva1-2-300x169.jpg 300w, https:\/\/santamariaigualada.com\/cat\/wp-content\/uploads\/2025\/12\/Diapositiva1-2-768x432.jpg 768w, https:\/\/santamariaigualada.com\/cat\/wp-content\/uploads\/2025\/12\/Diapositiva1-2.jpg 1280w\" sizes=\"auto, (max-width: 1024px) 100vw, 1024px\" \/><\/figure>\n\n\n\n<figure class=\"wp-block-image size-large\"><img loading=\"lazy\" decoding=\"async\" width=\"1024\" height=\"576\" src=\"https:\/\/santamariaigualada.com\/cat\/wp-content\/uploads\/2025\/12\/Diapositiva6-2-1024x576.jpg\" alt=\"\" class=\"wp-image-2835\" srcset=\"https:\/\/santamariaigualada.com\/cat\/wp-content\/uploads\/2025\/12\/Diapositiva6-2-1024x576.jpg 1024w, https:\/\/santamariaigualada.com\/cat\/wp-content\/uploads\/2025\/12\/Diapositiva6-2-300x169.jpg 300w, https:\/\/santamariaigualada.com\/cat\/wp-content\/uploads\/2025\/12\/Diapositiva6-2-768x432.jpg 768w, https:\/\/santamariaigualada.com\/cat\/wp-content\/uploads\/2025\/12\/Diapositiva6-2.jpg 1280w\" sizes=\"auto, (max-width: 1024px) 100vw, 1024px\" \/><\/figure>\n\n\n\n<figure class=\"wp-block-image size-large\"><img loading=\"lazy\" decoding=\"async\" width=\"1024\" height=\"576\" src=\"https:\/\/santamariaigualada.com\/cat\/wp-content\/uploads\/2025\/12\/Diapositiva7-2-1024x576.jpg\" alt=\"\" class=\"wp-image-2834\" srcset=\"https:\/\/santamariaigualada.com\/cat\/wp-content\/uploads\/2025\/12\/Diapositiva7-2-1024x576.jpg 1024w, https:\/\/santamariaigualada.com\/cat\/wp-content\/uploads\/2025\/12\/Diapositiva7-2-300x169.jpg 300w, https:\/\/santamariaigualada.com\/cat\/wp-content\/uploads\/2025\/12\/Diapositiva7-2-768x432.jpg 768w, https:\/\/santamariaigualada.com\/cat\/wp-content\/uploads\/2025\/12\/Diapositiva7-2.jpg 1280w\" sizes=\"auto, (max-width: 1024px) 100vw, 1024px\" \/><\/figure>\n\n\n\n<figure class=\"wp-block-image size-large\"><img loading=\"lazy\" decoding=\"async\" width=\"1024\" height=\"576\" src=\"https:\/\/santamariaigualada.com\/cat\/wp-content\/uploads\/2025\/12\/Diapositiva2-2-1024x576.jpg\" alt=\"\" class=\"wp-image-2825\" srcset=\"https:\/\/santamariaigualada.com\/cat\/wp-content\/uploads\/2025\/12\/Diapositiva2-2-1024x576.jpg 1024w, https:\/\/santamariaigualada.com\/cat\/wp-content\/uploads\/2025\/12\/Diapositiva2-2-300x169.jpg 300w, https:\/\/santamariaigualada.com\/cat\/wp-content\/uploads\/2025\/12\/Diapositiva2-2-768x432.jpg 768w, https:\/\/santamariaigualada.com\/cat\/wp-content\/uploads\/2025\/12\/Diapositiva2-2.jpg 1280w\" sizes=\"auto, (max-width: 1024px) 100vw, 1024px\" \/><\/figure>\n\n\n\n<ul class=\"wp-block-list\">\n<li><strong>\u201cFulgentia\u201d.<\/strong><\/li>\n<\/ul>\n\n\n\n<p>Exposici\u00f3 permanent d\u2019orfebreria religiosa. Visites comentades, especialment per grups, orientades a valorar el patrimoni hist\u00f2ric. (Per concertar les visites al tel\u00e8fon 93 380 00 40). <a href=\"https:\/\/santamariaigualada.com\/Fulgentia.pdf\">M\u00e9s informaci\u00f3 en aquest enlla\u00e7.<\/a><\/p>\n\n\n\n<figure class=\"wp-block-image size-large\"><img loading=\"lazy\" decoding=\"async\" width=\"1024\" height=\"576\" src=\"https:\/\/santamariaigualada.com\/cat\/wp-content\/uploads\/2025\/12\/Diapositiva14-2-1024x576.jpg\" alt=\"\" class=\"wp-image-2826\" srcset=\"https:\/\/santamariaigualada.com\/cat\/wp-content\/uploads\/2025\/12\/Diapositiva14-2-1024x576.jpg 1024w, https:\/\/santamariaigualada.com\/cat\/wp-content\/uploads\/2025\/12\/Diapositiva14-2-300x169.jpg 300w, https:\/\/santamariaigualada.com\/cat\/wp-content\/uploads\/2025\/12\/Diapositiva14-2-768x432.jpg 768w, https:\/\/santamariaigualada.com\/cat\/wp-content\/uploads\/2025\/12\/Diapositiva14-2.jpg 1280w\" sizes=\"auto, (max-width: 1024px) 100vw, 1024px\" \/><\/figure>\n\n\n\n<ul class=\"wp-block-list\">\n<li><strong>Mans Unides. <\/strong>Delegaci\u00f3 Anoia-Segarra.<\/li>\n<\/ul>\n\n\n\n<p>Activitats diverses d\u2019animaci\u00f3 i promoci\u00f3 d\u2019activitats per a donar suport i viabilitat material al desenvolupament social del Tercer M\u00f3n. Malgrat que no hi ha una delegaci\u00f3 local a Igualada, podeu posar-vos en <a href=\"https:\/\/santamariaigualada.com\/cat\/?page_id=34\">contacte si voleu col\u00b7laborar amb el grup local a trav\u00e9s de la parr\u00f2quia.<\/a><\/p>\n\n\n\n<figure class=\"wp-block-image size-large\"><img loading=\"lazy\" decoding=\"async\" width=\"1024\" height=\"576\" src=\"https:\/\/santamariaigualada.com\/cat\/wp-content\/uploads\/2025\/12\/Diapositiva8-2-1024x576.jpg\" alt=\"\" class=\"wp-image-2827\" srcset=\"https:\/\/santamariaigualada.com\/cat\/wp-content\/uploads\/2025\/12\/Diapositiva8-2-1024x576.jpg 1024w, https:\/\/santamariaigualada.com\/cat\/wp-content\/uploads\/2025\/12\/Diapositiva8-2-300x169.jpg 300w, https:\/\/santamariaigualada.com\/cat\/wp-content\/uploads\/2025\/12\/Diapositiva8-2-768x432.jpg 768w, https:\/\/santamariaigualada.com\/cat\/wp-content\/uploads\/2025\/12\/Diapositiva8-2.jpg 1280w\" sizes=\"auto, (max-width: 1024px) 100vw, 1024px\" \/><\/figure>\n\n\n\n<ul class=\"wp-block-list\">\n<li><strong>C\u00e0ritas Arxiprestal Anoia-Segarra<\/strong><\/li>\n<\/ul>\n\n\n\n<p>\u00c9s una entitat de l\u2019Esgl\u00e9sia cat\u00f2lica que t\u00e9 com a objectiu promoure, orientar i coordinar l\u2019acci\u00f3 social i caritativa de l\u2019arxiprestat, amb la finalitat d\u2019ajudar a la promoci\u00f3 humana i al desenvolupament integral de les persones. Aix\u00ed, doncs, C\u00e0ritas treballa en els sectors socials m\u00e9s desfavorits buscant generar processos que contribueixin al desenvolupament i promoci\u00f3 de la persona i tamb\u00e9 a la promoci\u00f3 de la just\u00edcia social.<\/p>\n\n\n\n<p>C\u00e0ritas est\u00e0 formada per persones que uneixen els seus esfor\u00e7os per treballar per un m\u00f3n millor: voluntaris, que amb el seu comprom\u00eds solidari i gratu\u00eft s\u00f3n el veritable motor de l\u2019entitat, per\u00f2 tamb\u00e9 t\u00e8cnics contractats que donen suport als diferents projectes i a l\u2019activitat general de l\u2019entitat. Si voleu m\u00e9s informaci\u00f3 podeu <a href=\"https:\/\/www.caritasbisbatvic.cat\/anoia-segarra\/qui-som\/\">consultar la seva pagina web.<\/a><\/p>\n\n\n\n<p><a href=\"https:\/\/santamariaigualada.com\/cat\/?page_id=2215\">Campanya C\u00e1ritas 2025<\/a><\/p>\n\n\n\n<figure class=\"wp-block-image size-large\"><img loading=\"lazy\" decoding=\"async\" width=\"1024\" height=\"576\" src=\"https:\/\/santamariaigualada.com\/cat\/wp-content\/uploads\/2025\/12\/Diapositiva10-2-1024x576.jpg\" alt=\"\" class=\"wp-image-2828\" srcset=\"https:\/\/santamariaigualada.com\/cat\/wp-content\/uploads\/2025\/12\/Diapositiva10-2-1024x576.jpg 1024w, https:\/\/santamariaigualada.com\/cat\/wp-content\/uploads\/2025\/12\/Diapositiva10-2-300x169.jpg 300w, https:\/\/santamariaigualada.com\/cat\/wp-content\/uploads\/2025\/12\/Diapositiva10-2-768x432.jpg 768w, https:\/\/santamariaigualada.com\/cat\/wp-content\/uploads\/2025\/12\/Diapositiva10-2.jpg 1280w\" sizes=\"auto, (max-width: 1024px) 100vw, 1024px\" \/><\/figure>\n\n\n\n<figure class=\"wp-block-image size-large\"><img loading=\"lazy\" decoding=\"async\" width=\"1024\" height=\"576\" src=\"https:\/\/santamariaigualada.com\/cat\/wp-content\/uploads\/2025\/12\/Diapositiva4-2-1024x576.jpg\" alt=\"\" class=\"wp-image-2837\" srcset=\"https:\/\/santamariaigualada.com\/cat\/wp-content\/uploads\/2025\/12\/Diapositiva4-2-1024x576.jpg 1024w, https:\/\/santamariaigualada.com\/cat\/wp-content\/uploads\/2025\/12\/Diapositiva4-2-300x169.jpg 300w, https:\/\/santamariaigualada.com\/cat\/wp-content\/uploads\/2025\/12\/Diapositiva4-2-768x432.jpg 768w, https:\/\/santamariaigualada.com\/cat\/wp-content\/uploads\/2025\/12\/Diapositiva4-2.jpg 1280w\" sizes=\"auto, (max-width: 1024px) 100vw, 1024px\" \/><\/figure>\n\n\n\n<figure class=\"wp-block-image size-large\"><img loading=\"lazy\" decoding=\"async\" width=\"1024\" height=\"576\" src=\"https:\/\/santamariaigualada.com\/cat\/wp-content\/uploads\/2025\/12\/Diapositiva11-2-1024x576.jpg\" alt=\"\" class=\"wp-image-2830\" srcset=\"https:\/\/santamariaigualada.com\/cat\/wp-content\/uploads\/2025\/12\/Diapositiva11-2-1024x576.jpg 1024w, https:\/\/santamariaigualada.com\/cat\/wp-content\/uploads\/2025\/12\/Diapositiva11-2-300x169.jpg 300w, https:\/\/santamariaigualada.com\/cat\/wp-content\/uploads\/2025\/12\/Diapositiva11-2-768x432.jpg 768w, https:\/\/santamariaigualada.com\/cat\/wp-content\/uploads\/2025\/12\/Diapositiva11-2.jpg 1280w\" sizes=\"auto, (max-width: 1024px) 100vw, 1024px\" \/><\/figure>\n\n\n\n<figure class=\"wp-block-image size-large\"><img loading=\"lazy\" decoding=\"async\" width=\"1024\" height=\"576\" src=\"https:\/\/santamariaigualada.com\/cat\/wp-content\/uploads\/2025\/12\/Diapositiva12-2-1024x576.jpg\" alt=\"\" class=\"wp-image-2831\" srcset=\"https:\/\/santamariaigualada.com\/cat\/wp-content\/uploads\/2025\/12\/Diapositiva12-2-1024x576.jpg 1024w, https:\/\/santamariaigualada.com\/cat\/wp-content\/uploads\/2025\/12\/Diapositiva12-2-300x169.jpg 300w, https:\/\/santamariaigualada.com\/cat\/wp-content\/uploads\/2025\/12\/Diapositiva12-2-768x432.jpg 768w, https:\/\/santamariaigualada.com\/cat\/wp-content\/uploads\/2025\/12\/Diapositiva12-2.jpg 1280w\" sizes=\"auto, (max-width: 1024px) 100vw, 1024px\" \/><\/figure>\n\n\n\n<figure class=\"wp-block-image size-large\"><img loading=\"lazy\" decoding=\"async\" width=\"1024\" height=\"576\" src=\"https:\/\/santamariaigualada.com\/cat\/wp-content\/uploads\/2025\/12\/Diapositiva5-2-1024x576.jpg\" alt=\"\" class=\"wp-image-2836\" srcset=\"https:\/\/santamariaigualada.com\/cat\/wp-content\/uploads\/2025\/12\/Diapositiva5-2-1024x576.jpg 1024w, https:\/\/santamariaigualada.com\/cat\/wp-content\/uploads\/2025\/12\/Diapositiva5-2-300x169.jpg 300w, https:\/\/santamariaigualada.com\/cat\/wp-content\/uploads\/2025\/12\/Diapositiva5-2-768x432.jpg 768w, https:\/\/santamariaigualada.com\/cat\/wp-content\/uploads\/2025\/12\/Diapositiva5-2.jpg 1280w\" sizes=\"auto, (max-width: 1024px) 100vw, 1024px\" \/><\/figure>\n\n\n\n<figure class=\"wp-block-image size-large\"><img loading=\"lazy\" decoding=\"async\" width=\"1024\" height=\"576\" src=\"https:\/\/santamariaigualada.com\/cat\/wp-content\/uploads\/2025\/12\/Diapositiva13-2-1024x576.jpg\" alt=\"\" class=\"wp-image-2832\" srcset=\"https:\/\/santamariaigualada.com\/cat\/wp-content\/uploads\/2025\/12\/Diapositiva13-2-1024x576.jpg 1024w, https:\/\/santamariaigualada.com\/cat\/wp-content\/uploads\/2025\/12\/Diapositiva13-2-300x169.jpg 300w, https:\/\/santamariaigualada.com\/cat\/wp-content\/uploads\/2025\/12\/Diapositiva13-2-768x432.jpg 768w, https:\/\/santamariaigualada.com\/cat\/wp-content\/uploads\/2025\/12\/Diapositiva13-2.jpg 1280w\" sizes=\"auto, (max-width: 1024px) 100vw, 1024px\" \/><\/figure>\n\n\n\n<figure class=\"wp-block-image size-large\"><img loading=\"lazy\" decoding=\"async\" width=\"1024\" height=\"576\" src=\"https:\/\/santamariaigualada.com\/cat\/wp-content\/uploads\/2025\/12\/Diapositiva3-2-1024x576.jpg\" alt=\"\" class=\"wp-image-2838\" srcset=\"https:\/\/santamariaigualada.com\/cat\/wp-content\/uploads\/2025\/12\/Diapositiva3-2-1024x576.jpg 1024w, https:\/\/santamariaigualada.com\/cat\/wp-content\/uploads\/2025\/12\/Diapositiva3-2-300x169.jpg 300w, https:\/\/santamariaigualada.com\/cat\/wp-content\/uploads\/2025\/12\/Diapositiva3-2-768x432.jpg 768w, https:\/\/santamariaigualada.com\/cat\/wp-content\/uploads\/2025\/12\/Diapositiva3-2.jpg 1280w\" sizes=\"auto, (max-width: 1024px) 100vw, 1024px\" \/><\/figure>\n","protected":false},"excerpt":{"rendered":"<p>Exposici\u00f3 permanent d\u2019orfebreria religiosa. Visites comentades, especialment per grups, orientades a valorar el patrimoni hist\u00f2ric. (Per concertar les visites al tel\u00e8fon 93 380 00 40). M\u00e9s informaci\u00f3 en aquest enlla\u00e7.&hellip;<\/p>\n","protected":false},"author":1,"featured_media":0,"parent":0,"menu_order":0,"comment_status":"closed","ping_status":"closed","template":"","meta":{"footnotes":""},"class_list":["post-583","page","type-page","status-publish","hentry"],"_links":{"self":[{"href":"https:\/\/santamariaigualada.com\/cat\/index.php?rest_route=\/wp\/v2\/pages\/583","targetHints":{"allow":["GET"]}}],"collection":[{"href":"https:\/\/santamariaigualada.com\/cat\/index.php?rest_route=\/wp\/v2\/pages"}],"about":[{"href":"https:\/\/santamariaigualada.com\/cat\/index.php?rest_route=\/wp\/v2\/types\/page"}],"author":[{"embeddable":true,"href":"https:\/\/santamariaigualada.com\/cat\/index.php?rest_route=\/wp\/v2\/users\/1"}],"replies":[{"embeddable":true,"href":"https:\/\/santamariaigualada.com\/cat\/index.php?rest_route=%2Fwp%2Fv2%2Fcomments&post=583"}],"version-history":[{"count":30,"href":"https:\/\/santamariaigualada.com\/cat\/index.php?rest_route=\/wp\/v2\/pages\/583\/revisions"}],"predecessor-version":[{"id":2839,"href":"https:\/\/santamariaigualada.com\/cat\/index.php?rest_route=\/wp\/v2\/pages\/583\/revisions\/2839"}],"wp:attachment":[{"href":"https:\/\/santamariaigualada.com\/cat\/index.php?rest_route=%2Fwp%2Fv2%2Fmedia&parent=583"}],"curies":[{"name":"wp","href":"https:\/\/api.w.org\/{rel}","templated":true}]}}