{"id":489,"date":"2024-09-01T16:59:36","date_gmt":"2024-09-01T16:59:36","guid":{"rendered":"https:\/\/santamariaigualada.com\/cat\/?page_id=489"},"modified":"2025-04-24T11:41:53","modified_gmt":"2025-04-24T11:41:53","slug":"la-missa-de-cada-dia","status":"publish","type":"page","link":"https:\/\/santamariaigualada.com\/cat\/?page_id=489","title":{"rendered":"Lectures de la Missa de Cada Dia"},"content":{"rendered":"\n<figure class=\"wp-block-image size-full\"><a href=\"https:\/\/www.missadecadadia.cat\/read.html\" target=\"_blank\" rel=\" noreferrer noopener\"><img loading=\"lazy\" decoding=\"async\" width=\"550\" height=\"160\" src=\"https:\/\/santamariaigualada.com\/cat\/wp-content\/uploads\/2024\/09\/LA-MISSA-DE-CADA-DIA.jpg\" alt=\"\" class=\"wp-image-490\" srcset=\"https:\/\/santamariaigualada.com\/cat\/wp-content\/uploads\/2024\/09\/LA-MISSA-DE-CADA-DIA.jpg 550w, https:\/\/santamariaigualada.com\/cat\/wp-content\/uploads\/2024\/09\/LA-MISSA-DE-CADA-DIA-300x87.jpg 300w\" sizes=\"auto, (max-width: 550px) 100vw, 550px\" \/><\/a><\/figure>\n\n\n\n<p>Lectures de <a href=\"https:\/\/www.missadecadadia.cat\/read.html\" target=\"_blank\" rel=\"noreferrer noopener\">la missa de cada dia de l&#8217;editorial Claret<\/a>. Podeu trobar-les en l&#8217;enlla\u00e7 on tamb\u00e9 hi ha tota la informaci\u00f3 d&#8217;aquest servei.<\/p>\n","protected":false},"excerpt":{"rendered":"<p>Lectures de la missa de cada dia de l&#8217;editorial Claret. Podeu trobar-les en l&#8217;enlla\u00e7 on tamb\u00e9 hi ha tota la informaci\u00f3 d&#8217;aquest servei.<\/p>\n","protected":false},"author":1,"featured_media":0,"parent":0,"menu_order":0,"comment_status":"closed","ping_status":"closed","template":"","meta":{"footnotes":""},"class_list":["post-489","page","type-page","status-publish","hentry"],"_links":{"self":[{"href":"https:\/\/santamariaigualada.com\/cat\/index.php?rest_route=\/wp\/v2\/pages\/489","targetHints":{"allow":["GET"]}}],"collection":[{"href":"https:\/\/santamariaigualada.com\/cat\/index.php?rest_route=\/wp\/v2\/pages"}],"about":[{"href":"https:\/\/santamariaigualada.com\/cat\/index.php?rest_route=\/wp\/v2\/types\/page"}],"author":[{"embeddable":true,"href":"https:\/\/santamariaigualada.com\/cat\/index.php?rest_route=\/wp\/v2\/users\/1"}],"replies":[{"embeddable":true,"href":"https:\/\/santamariaigualada.com\/cat\/index.php?rest_route=%2Fwp%2Fv2%2Fcomments&post=489"}],"version-history":[{"count":3,"href":"https:\/\/santamariaigualada.com\/cat\/index.php?rest_route=\/wp\/v2\/pages\/489\/revisions"}],"predecessor-version":[{"id":1765,"href":"https:\/\/santamariaigualada.com\/cat\/index.php?rest_route=\/wp\/v2\/pages\/489\/revisions\/1765"}],"wp:attachment":[{"href":"https:\/\/santamariaigualada.com\/cat\/index.php?rest_route=%2Fwp%2Fv2%2Fmedia&parent=489"}],"curies":[{"name":"wp","href":"https:\/\/api.w.org\/{rel}","templated":true}]}}