{"id":331,"date":"2024-08-16T09:10:59","date_gmt":"2024-08-16T09:10:59","guid":{"rendered":"https:\/\/santamariaigualada.com\/cat\/?page_id=331"},"modified":"2025-04-24T11:40:30","modified_gmt":"2025-04-24T11:40:30","slug":"obituaris","status":"publish","type":"page","link":"https:\/\/santamariaigualada.com\/cat\/?page_id=331","title":{"rendered":"Obituaris"},"content":{"rendered":"\n<figure class=\"wp-block-image\"><a href=\"https:\/\/funerariaanoia.cat\/obituari\/\"><img loading=\"lazy\" decoding=\"async\" width=\"639\" height=\"82\" src=\"https:\/\/santamariaigualada.com\/cat\/wp-content\/uploads\/2024\/08\/funeraria.jpg\" alt=\"\" class=\"wp-image-323\" srcset=\"https:\/\/santamariaigualada.com\/cat\/wp-content\/uploads\/2024\/08\/funeraria.jpg 639w, https:\/\/santamariaigualada.com\/cat\/wp-content\/uploads\/2024\/08\/funeraria-300x38.jpg 300w\" sizes=\"auto, (max-width: 639px) 100vw, 639px\" \/><\/a><\/figure>\n\n\n\n<p>En aquest enlla\u00e7 a\u00a0<a href=\"https:\/\/funerariaanoia.cat\/obituari\/\" target=\"_blank\" rel=\"noreferrer noopener\">Serveis Funeraris Anoia<\/a>\u00a0podreu consultar la informaci\u00f3 sobre defuncions i ex\u00e8quies a la parr\u00f2quia, al mateix tanatori i tamb\u00e9 en els altres temples i espais de la seva \u00e0rea d\u2019influ\u00e8ncia.<\/p>\n","protected":false},"excerpt":{"rendered":"<p>En aquest enlla\u00e7 a\u00a0Serveis Funeraris Anoia\u00a0podreu consultar la informaci\u00f3 sobre defuncions i ex\u00e8quies a la parr\u00f2quia, al mateix tanatori i tamb\u00e9 en els altres temples i espais de la seva&hellip;<\/p>\n","protected":false},"author":1,"featured_media":0,"parent":0,"menu_order":0,"comment_status":"closed","ping_status":"closed","template":"","meta":{"footnotes":""},"class_list":["post-331","page","type-page","status-publish","hentry"],"_links":{"self":[{"href":"https:\/\/santamariaigualada.com\/cat\/index.php?rest_route=\/wp\/v2\/pages\/331","targetHints":{"allow":["GET"]}}],"collection":[{"href":"https:\/\/santamariaigualada.com\/cat\/index.php?rest_route=\/wp\/v2\/pages"}],"about":[{"href":"https:\/\/santamariaigualada.com\/cat\/index.php?rest_route=\/wp\/v2\/types\/page"}],"author":[{"embeddable":true,"href":"https:\/\/santamariaigualada.com\/cat\/index.php?rest_route=\/wp\/v2\/users\/1"}],"replies":[{"embeddable":true,"href":"https:\/\/santamariaigualada.com\/cat\/index.php?rest_route=%2Fwp%2Fv2%2Fcomments&post=331"}],"version-history":[{"count":2,"href":"https:\/\/santamariaigualada.com\/cat\/index.php?rest_route=\/wp\/v2\/pages\/331\/revisions"}],"predecessor-version":[{"id":1764,"href":"https:\/\/santamariaigualada.com\/cat\/index.php?rest_route=\/wp\/v2\/pages\/331\/revisions\/1764"}],"wp:attachment":[{"href":"https:\/\/santamariaigualada.com\/cat\/index.php?rest_route=%2Fwp%2Fv2%2Fmedia&parent=331"}],"curies":[{"name":"wp","href":"https:\/\/api.w.org\/{rel}","templated":true}]}}