{"id":3104,"date":"2026-02-16T09:06:56","date_gmt":"2026-02-16T09:06:56","guid":{"rendered":"https:\/\/santamariaigualada.com\/cat\/?page_id=3104"},"modified":"2026-02-16T09:06:57","modified_gmt":"2026-02-16T09:06:57","slug":"noticies","status":"publish","type":"page","link":"https:\/\/santamariaigualada.com\/cat\/?page_id=3104","title":{"rendered":"Not\u00edcies"},"content":{"rendered":"<ul class=\"wp-block-latest-posts__list is-grid columns-2 has-dates wp-block-latest-posts\"><li><div class=\"wp-block-latest-posts__featured-image\"><img fetchpriority=\"high\" decoding=\"async\" width=\"300\" height=\"227\" src=\"https:\/\/santamariaigualada.com\/cat\/wp-content\/uploads\/2026\/03\/DIUMENGE-DE-RAMS-1-300x227.jpg\" class=\"attachment-medium size-medium milton-first-image skip-lazy wp-post-image\" alt=\"\" style=\"\" srcset=\"https:\/\/santamariaigualada.com\/cat\/wp-content\/uploads\/2026\/03\/DIUMENGE-DE-RAMS-1-300x227.jpg 300w, https:\/\/santamariaigualada.com\/cat\/wp-content\/uploads\/2026\/03\/DIUMENGE-DE-RAMS-1-1024x776.jpg 1024w, https:\/\/santamariaigualada.com\/cat\/wp-content\/uploads\/2026\/03\/DIUMENGE-DE-RAMS-1-768x582.jpg 768w, https:\/\/santamariaigualada.com\/cat\/wp-content\/uploads\/2026\/03\/DIUMENGE-DE-RAMS-1.jpg 1059w\" sizes=\"(max-width: 300px) 100vw, 300px\" loading=\"eager\" \/><\/div><a class=\"wp-block-latest-posts__post-title\" href=\"https:\/\/santamariaigualada.com\/cat\/?p=3283\">Diumenge de rams, inici de la Setmana Santa<\/a><time datetime=\"2026-03-30T10:01:02+00:00\" class=\"wp-block-latest-posts__post-date\">mar\u00e7 30, 2026<\/time><div class=\"wp-block-latest-posts__post-excerpt\">Aquest darrer diumenge hem participat a la benedicci\u00f3 dels rams, commemorant l&#8217;entrada de Jes\u00fas a Jerusalem, i seguida per la missa de passi\u00f3 a la bas\u00edlica de Santa Maria d&#8217;Igualada. Els feligresos han omplert la bas\u00edlica de gom a gom. Compartim aquestes imatges de la benedicci\u00f3 i us desitgem una bona setmana Santa, tal com\u2026 <a class=\"wp-block-latest-posts__read-more\" href=\"https:\/\/santamariaigualada.com\/cat\/?p=3283\" rel=\"noopener noreferrer\">Llegiu-ne m\u00e9s<span class=\"screen-reader-text\">: Diumenge de rams, inici de la Setmana Santa<\/span><\/a><\/div><\/li>\n<li><div class=\"wp-block-latest-posts__featured-image\"><img loading=\"lazy\" decoding=\"async\" width=\"300\" height=\"179\" src=\"https:\/\/santamariaigualada.com\/cat\/wp-content\/uploads\/2026\/03\/PAU-SANT-EGIDI-300x179.jpg\" class=\"attachment-medium size-medium wp-post-image\" alt=\"\" style=\"\" srcset=\"https:\/\/santamariaigualada.com\/cat\/wp-content\/uploads\/2026\/03\/PAU-SANT-EGIDI-300x179.jpg 300w, https:\/\/santamariaigualada.com\/cat\/wp-content\/uploads\/2026\/03\/PAU-SANT-EGIDI.jpg 631w\" sizes=\"auto, (max-width: 300px) 100vw, 300px\" \/><\/div><a class=\"wp-block-latest-posts__post-title\" href=\"https:\/\/santamariaigualada.com\/cat\/?p=3212\">El Papa Lle\u00f3 XIV clama pel final de les guerres: \u201cNom\u00e9s la pau \u00e9s santa\u201d<\/a><time datetime=\"2026-03-17T17:28:46+00:00\" class=\"wp-block-latest-posts__post-date\">mar\u00e7 17, 2026<\/time><div class=\"wp-block-latest-posts__post-excerpt\">Unes reflexions i una declaraci\u00f3 que posa en evid\u00e8ncia qualsevol intent d&#8217;instrumentalitzar la fe i la preg\u00e0ria per a manipular les persones i fer-los creure que es pot pregar tamb\u00e9 per una intenci\u00f3 mal\u00e8vola, com per exemple la derrota d&#8217;un enemic, o fins i tot l&#8217;aniquilaci\u00f3 dels innocents. Ara que ens trobem enmig d&#8217;un conflicte\u2026 <a class=\"wp-block-latest-posts__read-more\" href=\"https:\/\/santamariaigualada.com\/cat\/?p=3212\" rel=\"noopener noreferrer\">Llegiu-ne m\u00e9s<span class=\"screen-reader-text\">: El Papa Lle\u00f3 XIV clama pel final de les guerres: \u201cNom\u00e9s la pau \u00e9s santa\u201d<\/span><\/a><\/div><\/li>\n<li><div class=\"wp-block-latest-posts__featured-image\"><img loading=\"lazy\" decoding=\"async\" width=\"300\" height=\"225\" src=\"https:\/\/santamariaigualada.com\/cat\/wp-content\/uploads\/2026\/03\/image-300x225.png\" class=\"attachment-medium size-medium wp-post-image\" alt=\"\" style=\"\" srcset=\"https:\/\/santamariaigualada.com\/cat\/wp-content\/uploads\/2026\/03\/image-300x225.png 300w, https:\/\/santamariaigualada.com\/cat\/wp-content\/uploads\/2026\/03\/image.png 330w\" sizes=\"auto, (max-width: 300px) 100vw, 300px\" \/><\/div><a class=\"wp-block-latest-posts__post-title\" href=\"https:\/\/santamariaigualada.com\/cat\/?p=3170\">Reflexi\u00f3 Quaresmal<\/a><time datetime=\"2026-03-01T10:16:48+00:00\" class=\"wp-block-latest-posts__post-date\">mar\u00e7 1, 2026<\/time><div class=\"wp-block-latest-posts__post-excerpt\">Divendres passat v\u00e0rem celebrar a la Bas\u00edlica el segon Miserere al Sant Crist d&#8217;Igualada dins els actes quaresmals que, com cada any, organitzats pels priors i amb una nombrosa participaci\u00f3 dels fidels, duem a terme en aquest cam\u00ed cap a la Pasqua, guiats per la devoci\u00f3 al nostre Sant Crist. En aquesta ocasi\u00f3 va presidir\u2026 <a class=\"wp-block-latest-posts__read-more\" href=\"https:\/\/santamariaigualada.com\/cat\/?p=3170\" rel=\"noopener noreferrer\">Llegiu-ne m\u00e9s<span class=\"screen-reader-text\">: Reflexi\u00f3 Quaresmal<\/span><\/a><\/div><\/li>\n<li><div class=\"wp-block-latest-posts__featured-image\"><img loading=\"lazy\" decoding=\"async\" width=\"300\" height=\"215\" src=\"https:\/\/santamariaigualada.com\/cat\/wp-content\/uploads\/2026\/02\/MONTSERRAT-DOMINGO-300x215.jpg\" class=\"attachment-medium size-medium wp-post-image\" alt=\"\" style=\"\" srcset=\"https:\/\/santamariaigualada.com\/cat\/wp-content\/uploads\/2026\/02\/MONTSERRAT-DOMINGO-300x215.jpg 300w, https:\/\/santamariaigualada.com\/cat\/wp-content\/uploads\/2026\/02\/MONTSERRAT-DOMINGO-768x549.jpg 768w, https:\/\/santamariaigualada.com\/cat\/wp-content\/uploads\/2026\/02\/MONTSERRAT-DOMINGO.jpg 956w\" sizes=\"auto, (max-width: 300px) 100vw, 300px\" \/><\/div><a class=\"wp-block-latest-posts__post-title\" href=\"https:\/\/santamariaigualada.com\/cat\/?p=3140\">Montserrat Domingo, &#8220;escolta el silenci&#8221;<\/a><time datetime=\"2026-02-19T07:05:03+00:00\" class=\"wp-block-latest-posts__post-date\">febrer 19, 2026<\/time><div class=\"wp-block-latest-posts__post-excerpt\">Fa uns dies, en el marc de les xerrades de formaci\u00f3 arxiprestal de l&#8217;Anoia Segarra del segon trimestre 2025-2026, v\u00e0rem poder compartir el testimoni de la Montserrat Domingo, ermitana que ens visit\u00e0 des del seu retir a Sant Joan de Codolar (Montsant). Un llarg cam\u00ed fins a Igualada per a oferir-nos unes pinzellades de la\u2026 <a class=\"wp-block-latest-posts__read-more\" href=\"https:\/\/santamariaigualada.com\/cat\/?p=3140\" rel=\"noopener noreferrer\">Llegiu-ne m\u00e9s<span class=\"screen-reader-text\">: Montserrat Domingo, &#8220;escolta el silenci&#8221;<\/span><\/a><\/div><\/li>\n<li><div class=\"wp-block-latest-posts__featured-image\"><img loading=\"lazy\" decoding=\"async\" width=\"300\" height=\"159\" src=\"https:\/\/santamariaigualada.com\/cat\/wp-content\/uploads\/2026\/01\/CONSOLA-DE-CONTROL-1-300x159.jpg\" class=\"attachment-medium size-medium wp-post-image\" alt=\"\" style=\"\" srcset=\"https:\/\/santamariaigualada.com\/cat\/wp-content\/uploads\/2026\/01\/CONSOLA-DE-CONTROL-1-300x159.jpg 300w, https:\/\/santamariaigualada.com\/cat\/wp-content\/uploads\/2026\/01\/CONSOLA-DE-CONTROL-1.jpg 625w\" sizes=\"auto, (max-width: 300px) 100vw, 300px\" \/><\/div><a class=\"wp-block-latest-posts__post-title\" href=\"https:\/\/santamariaigualada.com\/cat\/?p=2959\">Actuaci\u00f3 de Millora i Digitalitzaci\u00f3 Audiovisual a la Bas\u00edlica<\/a><time datetime=\"2026-01-20T21:43:50+00:00\" class=\"wp-block-latest-posts__post-date\">gener 20, 2026<\/time><div class=\"wp-block-latest-posts__post-excerpt\">El passat mes de setembre es va signar un conveni de col\u00b7laboraci\u00f3 entre el Consell Comarcal de l\u2019Anoia i la Parr\u00f2quia de Santa Maria d\u2019Igualada per a la millora i digitalitzaci\u00f3 Audiovisual de la Bas\u00edlica, un dels elements patrimonials m\u00e9s importants de la ciutat, i en el que s\u2019hi apleguen al llarg de l\u2019any la\u2026 <a class=\"wp-block-latest-posts__read-more\" href=\"https:\/\/santamariaigualada.com\/cat\/?p=2959\" rel=\"noopener noreferrer\">Llegiu-ne m\u00e9s<span class=\"screen-reader-text\">: Actuaci\u00f3 de Millora i Digitalitzaci\u00f3 Audiovisual a la Bas\u00edlica<\/span><\/a><\/div><\/li>\n<li><div class=\"wp-block-latest-posts__featured-image\"><img loading=\"lazy\" decoding=\"async\" width=\"300\" height=\"175\" src=\"https:\/\/santamariaigualada.com\/cat\/wp-content\/uploads\/2026\/01\/image-300x175.png\" class=\"attachment-medium size-medium wp-post-image\" alt=\"\" style=\"\" srcset=\"https:\/\/santamariaigualada.com\/cat\/wp-content\/uploads\/2026\/01\/image-300x175.png 300w, https:\/\/santamariaigualada.com\/cat\/wp-content\/uploads\/2026\/01\/image-768x447.png 768w, https:\/\/santamariaigualada.com\/cat\/wp-content\/uploads\/2026\/01\/image.png 957w\" sizes=\"auto, (max-width: 300px) 100vw, 300px\" \/><\/div><a class=\"wp-block-latest-posts__post-title\" href=\"https:\/\/santamariaigualada.com\/cat\/?p=2921\">Festa de Sant Antoni Abat<\/a><time datetime=\"2026-01-17T19:01:19+00:00\" class=\"wp-block-latest-posts__post-date\">gener 17, 2026<\/time><div class=\"wp-block-latest-posts__post-excerpt\">Aquest dissabte dia 17 de gener s&#8217;ha celebrat a la Bas\u00edlica de Santa Mar\u00eda d&#8217;Igualada l&#8217;ofici solemne en honor de sant Antoni Abat, patr\u00f3 dels traginers. L\u2019esgl\u00e9sia gran s&#8217;ha omplert de gom a gom per a participar en aquest acte lit\u00fargic tant sentit i que ha presidit el para Pere Cardona, guardi\u00e0 del convent dels\u2026 <a class=\"wp-block-latest-posts__read-more\" href=\"https:\/\/santamariaigualada.com\/cat\/?p=2921\" rel=\"noopener noreferrer\">Llegiu-ne m\u00e9s<span class=\"screen-reader-text\">: Festa de Sant Antoni Abat<\/span><\/a><\/div><\/li>\n<li><div class=\"wp-block-latest-posts__featured-image\"><img loading=\"lazy\" decoding=\"async\" width=\"300\" height=\"221\" src=\"https:\/\/santamariaigualada.com\/cat\/wp-content\/uploads\/2026\/01\/IMATGE-CONFERENCIES-ARXIPRESTALS-2026-300x221.jpg\" class=\"attachment-medium size-medium wp-post-image\" alt=\"\" style=\"\" srcset=\"https:\/\/santamariaigualada.com\/cat\/wp-content\/uploads\/2026\/01\/IMATGE-CONFERENCIES-ARXIPRESTALS-2026-300x221.jpg 300w, https:\/\/santamariaigualada.com\/cat\/wp-content\/uploads\/2026\/01\/IMATGE-CONFERENCIES-ARXIPRESTALS-2026.jpg 522w\" sizes=\"auto, (max-width: 300px) 100vw, 300px\" \/><\/div><a class=\"wp-block-latest-posts__post-title\" href=\"https:\/\/santamariaigualada.com\/cat\/?p=2904\">Nou cicle de Confer\u00e8ncies Arxiprestals<\/a><time datetime=\"2026-01-08T17:27:00+00:00\" class=\"wp-block-latest-posts__post-date\">gener 8, 2026<\/time><div class=\"wp-block-latest-posts__post-excerpt\">Sota el t\u00edtol &#8220;El Llegat de la Fe i els Reptes del M\u00f3n d&#8217;avui&#8221;, l&#8217;arxiprestat Anoia Segarra ha preparat aquest nou cicle per al segon trimestre del curs 2025\/2026, oferint temes d&#8217;actualitat presentats per ponents reconeguts en la seva especialitat. El programa de formaci\u00f3 arxiprestal s&#8217;ha consolidat com una eina valuosa per la qualitat dels\u2026 <a class=\"wp-block-latest-posts__read-more\" href=\"https:\/\/santamariaigualada.com\/cat\/?p=2904\" rel=\"noopener noreferrer\">Llegiu-ne m\u00e9s<span class=\"screen-reader-text\">: Nou cicle de Confer\u00e8ncies Arxiprestals<\/span><\/a><\/div><\/li>\n<li><div class=\"wp-block-latest-posts__featured-image\"><img loading=\"lazy\" decoding=\"async\" width=\"300\" height=\"218\" src=\"https:\/\/santamariaigualada.com\/cat\/wp-content\/uploads\/2026\/01\/alfa-2-300x218.jpg\" class=\"attachment-medium size-medium wp-post-image\" alt=\"\" style=\"\" srcset=\"https:\/\/santamariaigualada.com\/cat\/wp-content\/uploads\/2026\/01\/alfa-2-300x218.jpg 300w, https:\/\/santamariaigualada.com\/cat\/wp-content\/uploads\/2026\/01\/alfa-2.jpg 550w\" sizes=\"auto, (max-width: 300px) 100vw, 300px\" \/><\/div><a class=\"wp-block-latest-posts__post-title\" href=\"https:\/\/santamariaigualada.com\/cat\/?p=2882\">Tornen els sopars Alpha a l&#8217;Anoia!<\/a><time datetime=\"2026-01-01T09:22:58+00:00\" class=\"wp-block-latest-posts__post-date\">gener 1, 2026<\/time><div class=\"wp-block-latest-posts__post-excerpt\">Un any m\u00e9s, tornen els sopars ALPHA a partir del proper dijous 15 de gener, a les 20:15, al carrer Roca, 3 d&#8217;Igualada. Molts us haureu preguntat Quin sentit t\u00e9 la pr\u00f2pia vida? Qu\u00e9 hi ha despr\u00e9s de la mort? Existeix D\u00e9u? Qui era Jes\u00fas? Que hi faig aqu\u00ed? Hi ha alguna cosa m\u00e9s a\u2026 <a class=\"wp-block-latest-posts__read-more\" href=\"https:\/\/santamariaigualada.com\/cat\/?p=2882\" rel=\"noopener noreferrer\">Llegiu-ne m\u00e9s<span class=\"screen-reader-text\">: Tornen els sopars Alpha a l&#8217;Anoia!<\/span><\/a><\/div><\/li>\n<li><div class=\"wp-block-latest-posts__featured-image\"><img loading=\"lazy\" decoding=\"async\" width=\"300\" height=\"273\" src=\"https:\/\/santamariaigualada.com\/cat\/wp-content\/uploads\/2025\/12\/CARITAS-LLIBRE-6-300x273.jpg\" class=\"attachment-medium size-medium wp-post-image\" alt=\"\" style=\"\" srcset=\"https:\/\/santamariaigualada.com\/cat\/wp-content\/uploads\/2025\/12\/CARITAS-LLIBRE-6-300x273.jpg 300w, https:\/\/santamariaigualada.com\/cat\/wp-content\/uploads\/2025\/12\/CARITAS-LLIBRE-6-1024x932.jpg 1024w, https:\/\/santamariaigualada.com\/cat\/wp-content\/uploads\/2025\/12\/CARITAS-LLIBRE-6-768x699.jpg 768w, https:\/\/santamariaigualada.com\/cat\/wp-content\/uploads\/2025\/12\/CARITAS-LLIBRE-6.jpg 1264w\" sizes=\"auto, (max-width: 300px) 100vw, 300px\" \/><\/div><a class=\"wp-block-latest-posts__post-title\" href=\"https:\/\/santamariaigualada.com\/cat\/?p=2858\">Hist\u00f2ria de C\u00e0ritas a Igualada, 1947-2024<\/a><time datetime=\"2025-12-20T18:06:39+00:00\" class=\"wp-block-latest-posts__post-date\">desembre 20, 2025<\/time><div class=\"wp-block-latest-posts__post-excerpt\">Dijous passat a la biblioteca central d\u2019Igualada va tenir lloc l\u2019acte de presentaci\u00f3 del llibre \u201chist\u00f2ria de C\u00e0ritas 1947-2024\u201d de Maria Teresa Miret. La sala d\u2019actes de la biblioteca es va omplir de gom a gom i a les 7 puntualment la Cesca Sol\u00e9 directora de C\u00e0ritas arxiprestal Anoia Segarra va obrir l\u2019acte donant la\u2026 <a class=\"wp-block-latest-posts__read-more\" href=\"https:\/\/santamariaigualada.com\/cat\/?p=2858\" rel=\"noopener noreferrer\">Llegiu-ne m\u00e9s<span class=\"screen-reader-text\">: Hist\u00f2ria de C\u00e0ritas a Igualada, 1947-2024<\/span><\/a><\/div><\/li>\n<li><div class=\"wp-block-latest-posts__featured-image\"><img loading=\"lazy\" decoding=\"async\" width=\"300\" height=\"169\" src=\"https:\/\/santamariaigualada.com\/cat\/wp-content\/uploads\/2025\/12\/PRESENTACIO-GRUPS-PARROQUIALS-FONS-FOSC-1-300x169.jpg\" class=\"attachment-medium size-medium wp-post-image\" alt=\"\" style=\"\" srcset=\"https:\/\/santamariaigualada.com\/cat\/wp-content\/uploads\/2025\/12\/PRESENTACIO-GRUPS-PARROQUIALS-FONS-FOSC-1-300x169.jpg 300w, https:\/\/santamariaigualada.com\/cat\/wp-content\/uploads\/2025\/12\/PRESENTACIO-GRUPS-PARROQUIALS-FONS-FOSC-1-1024x576.jpg 1024w, https:\/\/santamariaigualada.com\/cat\/wp-content\/uploads\/2025\/12\/PRESENTACIO-GRUPS-PARROQUIALS-FONS-FOSC-1-768x432.jpg 768w, https:\/\/santamariaigualada.com\/cat\/wp-content\/uploads\/2025\/12\/PRESENTACIO-GRUPS-PARROQUIALS-FONS-FOSC-1.jpg 1280w\" sizes=\"auto, (max-width: 300px) 100vw, 300px\" \/><\/div><a class=\"wp-block-latest-posts__post-title\" href=\"https:\/\/santamariaigualada.com\/cat\/?p=2778\">Els grups parroquials, la comunitat en acci\u00f3<\/a><time datetime=\"2025-12-08T17:25:19+00:00\" class=\"wp-block-latest-posts__post-date\">desembre 8, 2025<\/time><div class=\"wp-block-latest-posts__post-excerpt\">Un any m\u00e9s, celebrem la nostra festa patronal. Com diu la lletra de l&#8217;himne del mil\u00b7lenari, Santa Mar\u00eda, l&#8217;estel que ens va al davant, i \u00e9s amb aquesta gu\u00eda que els grups parroquials desenvolupen la seva acci\u00f3 en el \u00e0mbits i serveis m\u00e9s diversos, per\u00f2 formant una fam\u00edlia, una comunitat parroquial viva i activa. En\u2026 <a class=\"wp-block-latest-posts__read-more\" href=\"https:\/\/santamariaigualada.com\/cat\/?p=2778\" rel=\"noopener noreferrer\">Llegiu-ne m\u00e9s<span class=\"screen-reader-text\">: Els grups parroquials, la comunitat en acci\u00f3<\/span><\/a><\/div><\/li>\n<\/ul>","protected":false},"excerpt":{"rendered":"","protected":false},"author":1,"featured_media":0,"parent":0,"menu_order":0,"comment_status":"closed","ping_status":"closed","template":"","meta":{"footnotes":""},"class_list":["post-3104","page","type-page","status-publish","hentry"],"_links":{"self":[{"href":"https:\/\/santamariaigualada.com\/cat\/index.php?rest_route=\/wp\/v2\/pages\/3104","targetHints":{"allow":["GET"]}}],"collection":[{"href":"https:\/\/santamariaigualada.com\/cat\/index.php?rest_route=\/wp\/v2\/pages"}],"about":[{"href":"https:\/\/santamariaigualada.com\/cat\/index.php?rest_route=\/wp\/v2\/types\/page"}],"author":[{"embeddable":true,"href":"https:\/\/santamariaigualada.com\/cat\/index.php?rest_route=\/wp\/v2\/users\/1"}],"replies":[{"embeddable":true,"href":"https:\/\/santamariaigualada.com\/cat\/index.php?rest_route=%2Fwp%2Fv2%2Fcomments&post=3104"}],"version-history":[{"count":1,"href":"https:\/\/santamariaigualada.com\/cat\/index.php?rest_route=\/wp\/v2\/pages\/3104\/revisions"}],"predecessor-version":[{"id":3105,"href":"https:\/\/santamariaigualada.com\/cat\/index.php?rest_route=\/wp\/v2\/pages\/3104\/revisions\/3105"}],"wp:attachment":[{"href":"https:\/\/santamariaigualada.com\/cat\/index.php?rest_route=%2Fwp%2Fv2%2Fmedia&parent=3104"}],"curies":[{"name":"wp","href":"https:\/\/api.w.org\/{rel}","templated":true}]}}