{"id":297,"date":"2024-08-14T13:08:03","date_gmt":"2024-08-14T13:08:03","guid":{"rendered":"https:\/\/santamariaigualada.com\/cat\/?page_id=297"},"modified":"2024-08-14T13:16:48","modified_gmt":"2024-08-14T13:16:48","slug":"fulgentia","status":"publish","type":"page","link":"https:\/\/santamariaigualada.com\/cat\/?page_id=297","title":{"rendered":"Fulgentia"},"content":{"rendered":"\n<figure class=\"wp-block-image size-full\"><img loading=\"lazy\" decoding=\"async\" width=\"250\" height=\"250\" src=\"https:\/\/santamariaigualada.com\/cat\/wp-content\/uploads\/2024\/08\/fulgentia.jpg\" alt=\"\" class=\"wp-image-119\" srcset=\"https:\/\/santamariaigualada.com\/cat\/wp-content\/uploads\/2024\/08\/fulgentia.jpg 250w, https:\/\/santamariaigualada.com\/cat\/wp-content\/uploads\/2024\/08\/fulgentia-150x150.jpg 150w\" sizes=\"auto, (max-width: 250px) 100vw, 250px\" \/><\/figure>\n\n\n\n<p>Exposici\u00f3 permanent d&#8217;orfebreria religiosa<\/p>\n\n\n\n<p>Visites comentades, en grup: concertant pr\u00e8viament dia i hora de visita al 93 380 00 40.<\/p>\n\n\n\n<p>Per ampliar l&#8217;informaci\u00f3 de l&#8217;exposici\u00f3 permanent d&#8217;orfebreria religiosa &#8220;Fulgentia&#8221; podeu <a href=\"https:\/\/santamariaigualada.com\/cat\/wp-content\/uploads\/2024\/08\/Fulgentia.pdf\" target=\"_blank\" rel=\"noreferrer noopener\">descarregar-vos el cat\u00e0leg<\/a>.<br><br><br><\/p>\n\n\n\n<p><\/p>\n","protected":false},"excerpt":{"rendered":"<p>Exposici\u00f3 permanent d&#8217;orfebreria religiosa Visites comentades, en grup: concertant pr\u00e8viament dia i hora de visita al 93 380 00 40. Per ampliar l&#8217;informaci\u00f3 de l&#8217;exposici\u00f3 permanent d&#8217;orfebreria religiosa &#8220;Fulgentia&#8221; podeu&hellip;<\/p>\n","protected":false},"author":1,"featured_media":0,"parent":0,"menu_order":0,"comment_status":"closed","ping_status":"closed","template":"","meta":{"footnotes":""},"class_list":["post-297","page","type-page","status-publish","hentry"],"_links":{"self":[{"href":"https:\/\/santamariaigualada.com\/cat\/index.php?rest_route=\/wp\/v2\/pages\/297","targetHints":{"allow":["GET"]}}],"collection":[{"href":"https:\/\/santamariaigualada.com\/cat\/index.php?rest_route=\/wp\/v2\/pages"}],"about":[{"href":"https:\/\/santamariaigualada.com\/cat\/index.php?rest_route=\/wp\/v2\/types\/page"}],"author":[{"embeddable":true,"href":"https:\/\/santamariaigualada.com\/cat\/index.php?rest_route=\/wp\/v2\/users\/1"}],"replies":[{"embeddable":true,"href":"https:\/\/santamariaigualada.com\/cat\/index.php?rest_route=%2Fwp%2Fv2%2Fcomments&post=297"}],"version-history":[{"count":4,"href":"https:\/\/santamariaigualada.com\/cat\/index.php?rest_route=\/wp\/v2\/pages\/297\/revisions"}],"predecessor-version":[{"id":309,"href":"https:\/\/santamariaigualada.com\/cat\/index.php?rest_route=\/wp\/v2\/pages\/297\/revisions\/309"}],"wp:attachment":[{"href":"https:\/\/santamariaigualada.com\/cat\/index.php?rest_route=%2Fwp%2Fv2%2Fmedia&parent=297"}],"curies":[{"name":"wp","href":"https:\/\/api.w.org\/{rel}","templated":true}]}}