{"id":240,"date":"2024-08-14T11:12:04","date_gmt":"2024-08-14T11:12:04","guid":{"rendered":"https:\/\/santamariaigualada.com\/cat\/?page_id=240"},"modified":"2024-08-29T10:41:53","modified_gmt":"2024-08-29T10:41:53","slug":"missa-en-directe","status":"publish","type":"page","link":"https:\/\/santamariaigualada.com\/cat\/?page_id=240","title":{"rendered":"Missa en directe"},"content":{"rendered":"\n<figure class=\"wp-block-image size-full\"><a href=\"https:\/\/www.youtube.com\/@santamariaigualada8832\/streams\" target=\"_blank\" rel=\"noreferrer noopener\"><img loading=\"lazy\" decoding=\"async\" width=\"980\" height=\"161\" src=\"https:\/\/santamariaigualada.com\/cat\/wp-content\/uploads\/2024\/08\/youtube.jpg\" alt=\"\" class=\"wp-image-244\" srcset=\"https:\/\/santamariaigualada.com\/cat\/wp-content\/uploads\/2024\/08\/youtube.jpg 980w, https:\/\/santamariaigualada.com\/cat\/wp-content\/uploads\/2024\/08\/youtube-300x49.jpg 300w, https:\/\/santamariaigualada.com\/cat\/wp-content\/uploads\/2024\/08\/youtube-768x126.jpg 768w\" sizes=\"auto, (max-width: 980px) 100vw, 980px\" \/><\/a><\/figure>\n\n\n\n<p>Podeu seguir la missa vespertina dels diumenges i festius a les 8 del vespre en directe a trav\u00e9s del nostre canal de Youtube. Si seguiu el canal, tamb\u00e9 tindreu acc\u00e9s i informaci\u00f3 d\u2019altres retransmissions de celebracions, v\u00eddeos de concerts i altres activitats a la Bas\u00edlica. Destaquem aquesta setmana  l&#8217;enregistrament de les vespres de Sant Bartomeu i la Missa Festiva del dia 24 d&#8217;agost, que podreu gaudir a l&#8217;apartat <a href=\"https:\/\/www.youtube.com\/@santamariaigualada8832\/streams\">directes<\/a> del canal.<\/p>\n\n\n\n<p><a href=\"https:\/\/www.youtube.com\/@santamariaigualada8832\/streams\" target=\"_blank\" rel=\"noreferrer noopener\">https:\/\/www.youtube.com\/@santamariaigualada8832\/streams<\/a><\/p>\n\n\n\n<p><\/p>\n","protected":false},"excerpt":{"rendered":"<p>Podeu seguir la missa vespertina dels diumenges i festius a les 8 del vespre en directe a trav\u00e9s del nostre canal de Youtube. Si seguiu el canal, tamb\u00e9 tindreu acc\u00e9s&hellip;<\/p>\n","protected":false},"author":1,"featured_media":0,"parent":0,"menu_order":0,"comment_status":"closed","ping_status":"closed","template":"","meta":{"footnotes":""},"class_list":["post-240","page","type-page","status-publish","hentry"],"_links":{"self":[{"href":"https:\/\/santamariaigualada.com\/cat\/index.php?rest_route=\/wp\/v2\/pages\/240","targetHints":{"allow":["GET"]}}],"collection":[{"href":"https:\/\/santamariaigualada.com\/cat\/index.php?rest_route=\/wp\/v2\/pages"}],"about":[{"href":"https:\/\/santamariaigualada.com\/cat\/index.php?rest_route=\/wp\/v2\/types\/page"}],"author":[{"embeddable":true,"href":"https:\/\/santamariaigualada.com\/cat\/index.php?rest_route=\/wp\/v2\/users\/1"}],"replies":[{"embeddable":true,"href":"https:\/\/santamariaigualada.com\/cat\/index.php?rest_route=%2Fwp%2Fv2%2Fcomments&post=240"}],"version-history":[{"count":7,"href":"https:\/\/santamariaigualada.com\/cat\/index.php?rest_route=\/wp\/v2\/pages\/240\/revisions"}],"predecessor-version":[{"id":407,"href":"https:\/\/santamariaigualada.com\/cat\/index.php?rest_route=\/wp\/v2\/pages\/240\/revisions\/407"}],"wp:attachment":[{"href":"https:\/\/santamariaigualada.com\/cat\/index.php?rest_route=%2Fwp%2Fv2%2Fmedia&parent=240"}],"curies":[{"name":"wp","href":"https:\/\/api.w.org\/{rel}","templated":true}]}}