{"id":2215,"date":"2025-07-24T18:08:00","date_gmt":"2025-07-24T18:08:00","guid":{"rendered":"https:\/\/santamariaigualada.com\/cat\/?page_id=2215"},"modified":"2025-07-24T18:19:12","modified_gmt":"2025-07-24T18:19:12","slug":"campanya-de-caritas-2025","status":"publish","type":"page","link":"https:\/\/santamariaigualada.com\/cat\/?page_id=2215","title":{"rendered":"Campanya de C\u00e1ritas 2025"},"content":{"rendered":"\n<figure class=\"wp-block-image size-large\"><img loading=\"lazy\" decoding=\"async\" width=\"724\" height=\"1024\" src=\"https:\/\/santamariaigualada.com\/cat\/wp-content\/uploads\/2025\/07\/CARITAS-2025-724x1024.jpg\" alt=\"\" class=\"wp-image-2216\" srcset=\"https:\/\/santamariaigualada.com\/cat\/wp-content\/uploads\/2025\/07\/CARITAS-2025-724x1024.jpg 724w, https:\/\/santamariaigualada.com\/cat\/wp-content\/uploads\/2025\/07\/CARITAS-2025-212x300.jpg 212w, https:\/\/santamariaigualada.com\/cat\/wp-content\/uploads\/2025\/07\/CARITAS-2025-768x1086.jpg 768w, https:\/\/santamariaigualada.com\/cat\/wp-content\/uploads\/2025\/07\/CARITAS-2025-1086x1536.jpg 1086w, https:\/\/santamariaigualada.com\/cat\/wp-content\/uploads\/2025\/07\/CARITAS-2025.jpg 1448w\" sizes=\"auto, (max-width: 724px) 100vw, 724px\" \/><\/figure>\n\n\n\n<p class=\"has-medium-font-size\">El passat diumenge 22 de juny, solemnitat del Cos i la Sang de Crist (Corpus Christi), les parr\u00f2quies d&#8217;arreu varen celebrar  tamb\u00e9 el Dia de la Caritat, jornada promoguda per C\u00e0ritas per animar a la solidaritat i posar el focus en les persones m\u00e9s vulnerables de la nostra societat. Enguany, la campanya porta per lema: \u201cL\u2019esperan\u00e7a creix amb cada gest senzill\u201d i que es presentava amb el cartell de la imatge.<\/p>\n\n\n\n<p class=\"has-medium-font-size\">La campanya es va publicar a les<a href=\"https:\/\/www.facebook.com\/photo?fbid=699217506074075&amp;set=a.155941027068395\" target=\"_blank\" rel=\"noreferrer noopener\"> xarxes socials<\/a> i els cartells es varen penjar a les esgl\u00e8sies de la ciutat.<\/p>\n\n\n\n<p class=\"has-medium-font-size\">Malgrat que a la colecta del dia 22 de juny ja es va fer \u00e9mfasi en el record i solidaritat amb les persones que m\u00e9s ens necessiten, aquelles que moltes vegades s\u00f3n invisibles de cara la societat, estant al seu costat, coneixent els seus problemes i els seus anhels, reclamant just\u00edcia i en definitiva humanitat. Des de les C\u00e0ritas que formen la di\u00f2cesi volem al\u00e7ar la veu de la caritat per seguir denunciant les situacions de vulnerabilitat que pateixen moltes persones, acompanyant-les, treballant per a dignificar les seves vides i perqu\u00e8 tinguin les mateixes oportunitats que la\u00a0resta. Us\u00a0imagineu com ha de ser no tenir res? Ni un plat calent a taula, ni un sostre on viure, ni acc\u00e9s a drets b\u00e0sics. Posem-nos en la seva pell durant uns segons. Us imagineu criant a nens i nenes vivint en un espai min\u00fascul amb gent que no coneixeu? Us imagineu sentint-vos invisibles, sols, sense res que us empari? La colecta del dia 22 va ser generosa, com ja es va publicar, i us ho agraim de tot cor,<\/p>\n\n\n\n<p class=\"has-medium-font-size\">De ben segur no \u00e9s al nostre abast solucionar tots els problemes del m\u00f3n, per\u00f2 s\u00ed podem donar un cop de m\u00e0 perqu\u00e8 C\u00e0ritas pugui ajudar a tanta gent com sigui possible, persones que, com nosaltres, tenen un rostre, un nom i unes necessitats. \u00c9s per aix\u00f2 que fem una crida a la vostra generositat, que no es limiti a un dia a l&#8217;any o b\u00e9 una col\u00b7laboraci\u00f3 espor\u00e0dica, posant en valor la fraternitat i la solidaritat que brota de tots i totes nosaltres.  <\/p>\n\n\n\n<p class=\"has-medium-font-size\">Podeu fer el vostre donatiu en qualsevol moment a trav\u00e9s de la pagina web <a href=\"http:\/\/www.caritasdiocesanavic.cat\">www.caritasdiocesanavic.cat<\/a>  BIZUM 11270 o b\u00e9 mitjan\u00e7ant transfer\u00e8ncia al compte bancari ES26 2100 0288 8102 0023 1741<\/p>\n\n\n\n<p class=\"has-medium-font-size\">Gr\u00e0cies per la vostra ajuda!!&nbsp;<\/p>\n\n\n\n<p><\/p>\n","protected":false},"excerpt":{"rendered":"<p>El passat diumenge 22 de juny, solemnitat del Cos i la Sang de Crist (Corpus Christi), les parr\u00f2quies d&#8217;arreu varen celebrar tamb\u00e9 el Dia de la Caritat, jornada promoguda per&hellip;<\/p>\n","protected":false},"author":1,"featured_media":0,"parent":0,"menu_order":0,"comment_status":"closed","ping_status":"closed","template":"","meta":{"footnotes":""},"class_list":["post-2215","page","type-page","status-publish","hentry"],"_links":{"self":[{"href":"https:\/\/santamariaigualada.com\/cat\/index.php?rest_route=\/wp\/v2\/pages\/2215","targetHints":{"allow":["GET"]}}],"collection":[{"href":"https:\/\/santamariaigualada.com\/cat\/index.php?rest_route=\/wp\/v2\/pages"}],"about":[{"href":"https:\/\/santamariaigualada.com\/cat\/index.php?rest_route=\/wp\/v2\/types\/page"}],"author":[{"embeddable":true,"href":"https:\/\/santamariaigualada.com\/cat\/index.php?rest_route=\/wp\/v2\/users\/1"}],"replies":[{"embeddable":true,"href":"https:\/\/santamariaigualada.com\/cat\/index.php?rest_route=%2Fwp%2Fv2%2Fcomments&post=2215"}],"version-history":[{"count":9,"href":"https:\/\/santamariaigualada.com\/cat\/index.php?rest_route=\/wp\/v2\/pages\/2215\/revisions"}],"predecessor-version":[{"id":2228,"href":"https:\/\/santamariaigualada.com\/cat\/index.php?rest_route=\/wp\/v2\/pages\/2215\/revisions\/2228"}],"wp:attachment":[{"href":"https:\/\/santamariaigualada.com\/cat\/index.php?rest_route=%2Fwp%2Fv2%2Fmedia&parent=2215"}],"curies":[{"name":"wp","href":"https:\/\/api.w.org\/{rel}","templated":true}]}}