{"id":18,"date":"2024-08-07T11:52:49","date_gmt":"2024-08-07T11:52:49","guid":{"rendered":"https:\/\/santamariaigualada.com\/cat\/?page_id=18"},"modified":"2026-02-16T11:34:00","modified_gmt":"2026-02-16T11:34:00","slug":"sobre-la-basilica","status":"publish","type":"page","link":"https:\/\/santamariaigualada.com\/cat\/?page_id=18","title":{"rendered":"Hist\u00f2ria i descripci\u00f3"},"content":{"rendered":"<div class=\"wp-block-image\">\n<figure class=\"aligncenter size-large is-resized\"><a href=\"https:\/\/youtube.com\/live\/QIfiRTZAiMc\" target=\"_blank\" rel=\" noreferrer noopener\"><img loading=\"lazy\" decoding=\"async\" width=\"1024\" height=\"576\" src=\"https:\/\/santamariaigualada.com\/cat\/wp-content\/uploads\/2025\/04\/ACONFERENCIA-PAU-LLACUNA-1024x576.jpg\" alt=\"En aquest enlla\u00e7 podeu accedir a la confer\u00e8ncia soibre els vaolrs art\u00edstics de Santa Maria d'Igualada que es troba al nostre canal Youtube.\" class=\"wp-image-1738\" style=\"width:512px;height:auto\" srcset=\"https:\/\/santamariaigualada.com\/cat\/wp-content\/uploads\/2025\/04\/ACONFERENCIA-PAU-LLACUNA-1024x576.jpg 1024w, https:\/\/santamariaigualada.com\/cat\/wp-content\/uploads\/2025\/04\/ACONFERENCIA-PAU-LLACUNA-300x169.jpg 300w, https:\/\/santamariaigualada.com\/cat\/wp-content\/uploads\/2025\/04\/ACONFERENCIA-PAU-LLACUNA-768x432.jpg 768w, https:\/\/santamariaigualada.com\/cat\/wp-content\/uploads\/2025\/04\/ACONFERENCIA-PAU-LLACUNA.jpg 1280w\" sizes=\"auto, (max-width: 1024px) 100vw, 1024px\" \/><\/a><\/figure>\n<\/div>\n\n\n<p><em>Enlla\u00e7 a l&#8217;enregistrament de la confer\u00e8ncia &#8220;els valors art\u00edstics de la Bas\u00edlica&#8221; disponible a Youtube<\/em><\/p>\n\n\n<div class=\"wp-block-image\">\n<figure class=\"aligncenter size-full\"><img loading=\"lazy\" decoding=\"async\" width=\"510\" height=\"352\" src=\"https:\/\/santamariaigualada.com\/cat\/wp-content\/uploads\/2024\/08\/temple_antic.jpg\" alt=\"\" class=\"wp-image-21\" srcset=\"https:\/\/santamariaigualada.com\/cat\/wp-content\/uploads\/2024\/08\/temple_antic.jpg 510w, https:\/\/santamariaigualada.com\/cat\/wp-content\/uploads\/2024\/08\/temple_antic-300x207.jpg 300w\" sizes=\"auto, (max-width: 510px) 100vw, 510px\" \/><\/figure>\n<\/div>\n\n\n<p>La Bas\u00edlica de Santa Maria d&#8217;Igualada \u00e9s el conjunt m\u00e9s significatiu del nostre patrimoni cultural. La hist\u00f2ria d&#8217;aquest temple, que s&#8217;al\u00e7a en el cor de la ciutat es fon amb els or\u00edgens i les velles arrels cristianes del poble igualad\u00ed.<br>Amb el pas dels segles, l&#8217;edifici s&#8217;ha anat transformant, com tamb\u00e9 la poblaci\u00f3 que ha crescut al seu entorn.<\/p>\n\n\n\n<p>Successives generacions hi ha deixat la seva empremta, i ha esdevingut aix\u00ed un valu\u00f3s testimoni religi\u00f3s, hist\u00f2ric i art\u00edstic, que hem heretat tots els igualadins.<\/p>\n\n\n\n<p><strong>Construccions anteriors en aquest mateix lloc:<\/strong><\/p>\n\n\n\n<ul class=\"wp-block-list\">\n<li>1003: Apareix documentada una capella dedicada a Santa Maria, en el lloc d&#8217;Aqualata (aigua extensa). Junt amb una fortalesa una cru\u00eflla de camins i alguns pobladors, esdev\u00e9 el nucli originari de l&#8217;actual ciutat.<br><\/li>\n\n\n\n<li>1059: La capella, dedicada a Santa Maria i Sant Pere, \u00e9s consagrada i erigida com a parr\u00f2quia, amb cementiri propi i les corresponents atribucions, pel bisbe Guillem de Vic. El temple era d&#8217;estil rom\u00e0nic.<br><\/li>\n\n\n\n<li>1087: Segona consagraci\u00f3, pel bisbe Berenguer de Vic, a causa, probablement, de reformes importants.<br><\/li>\n\n\n\n<li>1356: Ampliaci\u00f3 de l&#8217;esgl\u00e9sia amb capelles laterals d&#8217;estil g\u00f2ticv i altres reformes imporants.<br><\/li>\n\n\n\n<li>1514: Es treballa en el campanar, que fou conservant quan es va constru\u00efr l&#8217;actual temple.<br><\/li>\n<\/ul>\n\n\n\n<figure class=\"wp-block-image size-full is-resized\"><img loading=\"lazy\" decoding=\"async\" width=\"510\" height=\"352\" src=\"https:\/\/santamariaigualada.com\/cat\/wp-content\/uploads\/2024\/08\/temple_actual.jpg\" alt=\"\" class=\"wp-image-50\" style=\"width:510px\" srcset=\"https:\/\/santamariaigualada.com\/cat\/wp-content\/uploads\/2024\/08\/temple_actual.jpg 510w, https:\/\/santamariaigualada.com\/cat\/wp-content\/uploads\/2024\/08\/temple_actual-300x207.jpg 300w\" sizes=\"auto, (max-width: 510px) 100vw, 510px\" \/><\/figure>\n\n\n\n<p class=\"has-text-align-left\">En fer-se insuficient la parr\u00f2quia antiga, els igualadins decidiren aixecar un nou temple, &#8220;l&#8217;esgl\u00e8sia gran&#8221;. El primer projecte va ser de Pere Blai. Posteriorment, es feren c\u00e0rrec de l&#8217;obra Rafael Plan\u00e7\u00f3 i Pau Ginestar. Fou una empresa colossal per l&#8217;aleshores petita vila d&#8217;Igualada.<\/p>\n\n\n\n<p><strong>Cronologia:<\/strong><\/p>\n\n\n\n<ul class=\"wp-block-list\">\n<li>1617: Benedicci\u00f3 de la primera pedra.<br><\/li>\n\n\n\n<li>1627: Benedicci\u00f3 de la primera meitat de l&#8217;obra. \u00c9s trasllada el culte a aquest recinte, es procedeix a enderrocar la parr\u00f2quia antiga i es deixa intacte el campanar. Al paviment del nou temple hi s\u00f3n constru\u00efdes sepultures, com a complement del cementiri annex exterior, utilitzat fins el 1819.<br><\/li>\n\n\n\n<li>1666: Benedicci\u00f3 de la primera pedra de la segona meitat. L&#8217;edifici s&#8217;acab\u00e0, encara que no amb detall a finals del s.XVII, despr\u00e9s de vuitana anys de treballs, frenats en ocasions per la influ\u00e8ncia de guerres i pen\u00faries. Poc a poc es va anar completant la decoraci\u00f3 interior.<br><\/li>\n\n\n\n<li>1702: Es comen\u00e7a a constru\u00efr la capella del Sant\u00edssim i del Sant Crist, inagurada el 1733.<br><\/li>\n\n\n\n<li>1718: Inici de la construcci\u00f3 del retaule major, acabat el 1747.<br><\/li>\n\n\n\n<li>1890: Consegraci\u00f3 del temple, pel bisbe de Vic, Josep Morgades i Gili (\u00e9s la tercera de la hist\u00f2ria de Santa Maria).<br><\/li>\n\n\n\n<li>1936-1939: Durant la guerra civil, l&#8217;edifici \u00e9s buidat i destinat a mercat i garatge. Amb tot, es salven de la destrucci\u00f3 les imatges, els relleus i altres peces del retaule major, les pintures de la c\u00fapula de la capella del Sant\u00edssim i del Sant Crist, l&#8217;orgue i diversos elements. Posteriorment, es procedeix a una laboriosa reconstrucci\u00f3.<br><\/li>\n\n\n\n<li>1949: El Papa Pius XII concedeix a l&#8217;esgl\u00e9sia de Santa Maria, el t\u00edtol de Bas\u00edlica menor.<br><\/li>\n<\/ul>\n\n\n\n<p><strong>Descripci\u00f3 actual del temple<\/strong>:<\/p>\n\n\n\n<figure class=\"wp-block-image size-full\"><img loading=\"lazy\" decoding=\"async\" width=\"510\" height=\"352\" src=\"https:\/\/santamariaigualada.com\/cat\/wp-content\/uploads\/2024\/08\/temple_s1.jpg\" alt=\"\" class=\"wp-image-77\" srcset=\"https:\/\/santamariaigualada.com\/cat\/wp-content\/uploads\/2024\/08\/temple_s1.jpg 510w, https:\/\/santamariaigualada.com\/cat\/wp-content\/uploads\/2024\/08\/temple_s1-300x207.jpg 300w\" sizes=\"auto, (max-width: 510px) 100vw, 510px\" \/><\/figure>\n\n\n\n<p>El temple est\u00e0 molt influ\u00eft per l\u2019estil renaixentista catal\u00e0, que als segles XVI i XVII anava succeint el g\u00f2tic, tot introduint en la nostra arquitectura elements de l\u2019antiguitat cl\u00e0ssica. Pere Blai impuls\u00e0 aquesta l\u00ednia, com podem veure, per exemple, en el seu projecte de la fa\u00e7ana del Palau de la Generalitat i del sal\u00f3 de sant Jordi, a Barcelona. Les possibilitats d\u2019Igualada obligaren a reduir el projecte de Bal\u00ed. Amb tot, Plan\u00e7\u00f3 i Ginestar en conservaren les l\u00ednies renaixentistes, en combinaci\u00f3 amb elements g\u00f2tics.<\/p>\n\n\n\n<p>La nostra esgl\u00e9sia, de murs austers, t\u00e9 una sola nau de 43\u201910 x 14\u201940 m., amb sis capelletes laterals per banda. A l\u2019absis t\u00e9 un presbiteri de planta quadrangular i al final de la nau hi ha el cor. L\u2019edifici t\u00e9 contraforts exteriors amb g\u00e0rgoles, un roset\u00f3 sobre el portal d\u2019entrada i quinze finestrals.<\/p>\n\n\n\n<figure class=\"wp-block-image size-full\"><img loading=\"lazy\" decoding=\"async\" width=\"510\" height=\"352\" src=\"https:\/\/santamariaigualada.com\/cat\/wp-content\/uploads\/2024\/08\/temple_s2.jpg\" alt=\"\" class=\"wp-image-78\" srcset=\"https:\/\/santamariaigualada.com\/cat\/wp-content\/uploads\/2024\/08\/temple_s2.jpg 510w, https:\/\/santamariaigualada.com\/cat\/wp-content\/uploads\/2024\/08\/temple_s2-300x207.jpg 300w\" sizes=\"auto, (max-width: 510px) 100vw, 510px\" \/><\/figure>\n\n\n\n<p>A l\u2019interior, el sostre, de 23\u201970 m. d\u2019al\u00e7ada est\u00e0 dividit per arcs semicirculars, entre els quals hi ha voltes de creuer, encara t\u00edpiques del g\u00f2tic, tancades al mig per claus de volta de m\u00e9s d\u2019un metre de di\u00e0metre i esculpides amb figures (sant Bartomeu, sant Sebasti\u00e0, sant Jaume, sant Pere&#8230;). Al sostre del presbiteri, resolt amb una forma estrellada d\u2019estil g\u00f2tic, la clau central est\u00e0 dedicada a la Mare de D\u00e9u, i les altres quatre, mes petites, als evangelistes. \u00c9s notable el majestu\u00f3s arc del presbiteri i l\u2019ample arc aplanat del cor, amb volta tancada per una clau amb la figura de sant Miquel arc\u00e0ngel.<\/p>\n\n\n\n<p>Els arcs del sostre descansen en pilastres de l\u00ednia cl\u00e0ssica que delimiten les capelles laterals. Aquestes tenen arcs semicirculars i sobre elles transcorren galeries, amb finestrals de punt rod\u00f3 generalment en grups de tres (triforis). Motllures d\u2019influ\u00e8ncia italianitzant ressegueixen el recinte.<\/p>\n\n\n\n<p>El paviment data de 1865. La balustrada del presbiteri est\u00e0 decorada amb dues figures de marbre que sostenen ll\u00e0nties (s.XVIII). Les vidrieres foren constru\u00efdes per la casa Oriach de Barcelona a partir de l\u2019any 1942 (remarquem les decoracions amb les figures dels ap\u00f2stols). A la fa\u00e7ana, la porta (disseny de C\u00e8sar Martinell i Brunet, 1949), t\u00e9 als costats dues l\u00e0pides que recorden la participaci\u00f3 del sometent igualad\u00ed en les batalles del Bruc (1808) i la seva relaci\u00f3 amb la bandera del Sant Crist.<\/p>\n\n\n\n<figure class=\"wp-block-image size-large\"><img loading=\"lazy\" decoding=\"async\" width=\"887\" height=\"1024\" src=\"https:\/\/santamariaigualada.com\/cat\/wp-content\/uploads\/2024\/08\/Mapa_ok-887x1024.png\" alt=\"\" class=\"wp-image-232\" srcset=\"https:\/\/santamariaigualada.com\/cat\/wp-content\/uploads\/2024\/08\/Mapa_ok-887x1024.png 887w, https:\/\/santamariaigualada.com\/cat\/wp-content\/uploads\/2024\/08\/Mapa_ok-260x300.png 260w, https:\/\/santamariaigualada.com\/cat\/wp-content\/uploads\/2024\/08\/Mapa_ok-768x887.png 768w, https:\/\/santamariaigualada.com\/cat\/wp-content\/uploads\/2024\/08\/Mapa_ok-1330x1536.png 1330w, https:\/\/santamariaigualada.com\/cat\/wp-content\/uploads\/2024\/08\/Mapa_ok.png 1647w\" sizes=\"auto, (max-width: 887px) 100vw, 887px\" \/><\/figure>\n\n\n\n<p>A. Prebisteri<br>B. Cor<br>C. Sagristia<br>D. Capella del Sant\u00edssim Sagrament i del Sant Crist d&#8217;Igualada<br>E. Cambril del Sant Crist<br>F. Sagristia de la capella<br>G. Campanar<\/p>\n\n\n\n<p><strong>Capelles laterals:<\/strong><\/p>\n\n\n\n<ol class=\"wp-block-list\">\n<li>Quadre al\u00b7leg\u00f2ric al prodigi del Sant Crist (pintura de Segim\u00f3n Rib\u00f3 i Mir, 1844) que antigament cobria el cambril de la imatge. Plafons amb les principals dades de la Bas\u00edlica i del Sant Crist.<br><br><\/li>\n\n\n\n<li>Capella dedicada a sant Josep, patr\u00f3 dels fusters. Pintures al\u00b7leg\u00f2riques. El retaule amb reminisc\u00e8ncies rom\u00e0nico-bizantines (finals s. XIX) \u00e9s ofrena del Monestir de Montserrat, el 1943.<br><br><\/li>\n\n\n\n<li>Capella dedicada a sant Ignasi de Loiola, que segons la tradici\u00f3 pass\u00e0 per Igualada (figura jacent en \u00e8xtasi). Quadre amb els sants arquebisbes Leandre i Isidor de Sevilla i Fulgenci de Cartagena (pintura de Francesc Morell i Cornet, 1894).<br><br><\/li>\n\n\n\n<li>Capella dedicada a sant Antoni M\u00aa Claret, patr\u00f3 del gremi t\u00e8xtil. Una l\u00e0pida recorda la relaci\u00f3 del sant amb Igualada. Inaugurada el 1960. Disseny de Miquel Llacuna i Alemany. Imatge d\u2019Ignasi Castelltort i Jaume.<br><br><\/li>\n\n\n\n<li>Capella dedicada a la Sagrada Fam\u00edlia. Imatges de santa Francesca Romana, santa Teresa de Jes\u00fas i sant Ramon Nonat. Relleu amb el naixement de Crist. Inaugurada el 1954. Disseny de reminisc\u00e8ncia barroca, de C\u00e8sar Martinell i Brunet.<br><br><\/li>\n\n\n\n<li>Capella dedicada a sant Isidre llaurador, patr\u00f3 dels gremi dels pagesos. Imatges de sant Antoni abat, patr\u00f3 del gremi dels traginers, i sant Crist\u00f2for, patr\u00f3 dels automobilistes. Relleu de la Sant\u00edssima Trinitat, devoci\u00f3 dels hortolans. A la dreta, relleu procedent de l\u2019antic altar (s. XVII) amb els sants Sen\u00e9n i Abd\u00f3n (\u201csant Nin i sant Non\u201d), antiga devoci\u00f3 de la pagesia.<br><br><\/li>\n\n\n\n<li>Capella dedicada a sant Antoni de P\u00e0dua, patr\u00f3 del gremi dels blanquers. Plafons amb escenes de la vida de sant Antoni. Els dos relleus petits pertanyen al retaule antic del s. XVII. Inaugurada el 1942. Disseny de reminisc\u00e8ncia barroca, de C\u00e8sar Martinell i Brunet. Imatgeria de Josep M\u00aa Bohigas.<br><br><\/li>\n\n\n\n<li>Capella dedicada al Sagrat Cor de Jes\u00fas. Imatges de sant Andreu Avel\u00b7li i santa Margarita Maria Alecoque. Inaugurada el 1946. Disseny de Bonaventura Bassegoda i Must\u00e9. Imatge de Jes\u00fas, talla de Joaquim Homs.<br><br><\/li>\n\n\n\n<li>Quadres de sant Mari\u00e0 i sant Narc\u00eds (pintures del s. XIX).<br><br><\/li>\n\n\n\n<li>Capella fonda. Capella del Sant\u00edssim Sagrament i del Sant Crist d\u2019Igualada.<br><br><\/li>\n\n\n\n<li>Capella dedicada a la Mare de D\u00e9u dels Dolors (talla de 1946, taller Vda. Reixach de Barcelona). Cal destacar-hi l\u2019arc ogival, que junt amb el campanar que s\u2019al\u00e7a al damunt, s\u00f3n l\u2019\u00fanic vestigi que resta del temple anterior.<br><br><\/li>\n\n\n\n<li>Baptisteri. Disseny d\u2019estil modernista, l\u2019autor \u00e9s Ignasi Colomer i Oms, l\u2019any 1904. Restaurat per Miquel Llacuna i Alemany el 1965.<br><\/li>\n<\/ol>\n","protected":false},"excerpt":{"rendered":"<p>Enlla\u00e7 a l&#8217;enregistrament de la confer\u00e8ncia &#8220;els valors art\u00edstics de la Bas\u00edlica&#8221; disponible a Youtube La Bas\u00edlica de Santa Maria d&#8217;Igualada \u00e9s el conjunt m\u00e9s significatiu del nostre patrimoni cultural.&hellip;<\/p>\n","protected":false},"author":1,"featured_media":0,"parent":0,"menu_order":0,"comment_status":"closed","ping_status":"closed","template":"","meta":{"footnotes":""},"class_list":["post-18","page","type-page","status-publish","hentry"],"_links":{"self":[{"href":"https:\/\/santamariaigualada.com\/cat\/index.php?rest_route=\/wp\/v2\/pages\/18","targetHints":{"allow":["GET"]}}],"collection":[{"href":"https:\/\/santamariaigualada.com\/cat\/index.php?rest_route=\/wp\/v2\/pages"}],"about":[{"href":"https:\/\/santamariaigualada.com\/cat\/index.php?rest_route=\/wp\/v2\/types\/page"}],"author":[{"embeddable":true,"href":"https:\/\/santamariaigualada.com\/cat\/index.php?rest_route=\/wp\/v2\/users\/1"}],"replies":[{"embeddable":true,"href":"https:\/\/santamariaigualada.com\/cat\/index.php?rest_route=%2Fwp%2Fv2%2Fcomments&post=18"}],"version-history":[{"count":19,"href":"https:\/\/santamariaigualada.com\/cat\/index.php?rest_route=\/wp\/v2\/pages\/18\/revisions"}],"predecessor-version":[{"id":3115,"href":"https:\/\/santamariaigualada.com\/cat\/index.php?rest_route=\/wp\/v2\/pages\/18\/revisions\/3115"}],"wp:attachment":[{"href":"https:\/\/santamariaigualada.com\/cat\/index.php?rest_route=%2Fwp%2Fv2%2Fmedia&parent=18"}],"curies":[{"name":"wp","href":"https:\/\/api.w.org\/{rel}","templated":true}]}}