{"id":1260,"date":"2025-01-30T17:09:16","date_gmt":"2025-01-30T17:09:16","guid":{"rendered":"https:\/\/santamariaigualada.com\/cat\/?page_id=1260"},"modified":"2025-01-30T17:10:18","modified_gmt":"2025-01-30T17:10:18","slug":"fantasia-musical-dels-75-anys-de-basilica-menor","status":"publish","type":"page","link":"https:\/\/santamariaigualada.com\/cat\/?page_id=1260","title":{"rendered":"Fantas\u00eda Musical dels 75 anys de Bas\u00edlica Menor"},"content":{"rendered":"\n<p>Arran de la confer\u00e9ncia del passat 26 de gener, i l&#8217;estrena de la Fantas\u00eda Instrumental de Santa Mar\u00eda d&#8217;Igualada, hem volgut incorporar aquesta pe\u00e7a al patrimoni musical de Santa Mar\u00eda a trav\u00e9s de la gravaci\u00f3 i publicaci\u00f3 al repertori de continguts del canal Youtube de la parr\u00f2quia. <\/p>\n\n\n\n<p>Feu clic a la imatge de la portada i la podreu escoltar. <\/p>\n\n\n\n<figure class=\"wp-block-image size-large\"><a href=\"https:\/\/youtu.be\/YcMXZxNhqP8\"><img loading=\"lazy\" decoding=\"async\" width=\"1024\" height=\"576\" src=\"https:\/\/santamariaigualada.com\/cat\/wp-content\/uploads\/2025\/01\/FANTASIA-INSTRUMENTAL-1024x576.jpg\" alt=\"\" class=\"wp-image-1261\" srcset=\"https:\/\/santamariaigualada.com\/cat\/wp-content\/uploads\/2025\/01\/FANTASIA-INSTRUMENTAL-1024x576.jpg 1024w, https:\/\/santamariaigualada.com\/cat\/wp-content\/uploads\/2025\/01\/FANTASIA-INSTRUMENTAL-300x169.jpg 300w, https:\/\/santamariaigualada.com\/cat\/wp-content\/uploads\/2025\/01\/FANTASIA-INSTRUMENTAL-768x432.jpg 768w, https:\/\/santamariaigualada.com\/cat\/wp-content\/uploads\/2025\/01\/FANTASIA-INSTRUMENTAL.jpg 1280w\" sizes=\"auto, (max-width: 1024px) 100vw, 1024px\" \/><\/a><\/figure>\n\n\n\n<figure class=\"wp-block-gallery has-nested-images columns-default is-cropped wp-block-gallery-1 is-layout-flex wp-block-gallery-is-layout-flex\"><\/figure>\n","protected":false},"excerpt":{"rendered":"<p>Arran de la confer\u00e9ncia del passat 26 de gener, i l&#8217;estrena de la Fantas\u00eda Instrumental de Santa Mar\u00eda d&#8217;Igualada, hem volgut incorporar aquesta pe\u00e7a al patrimoni musical de Santa Mar\u00eda&hellip;<\/p>\n","protected":false},"author":1,"featured_media":0,"parent":0,"menu_order":0,"comment_status":"closed","ping_status":"closed","template":"","meta":{"footnotes":""},"class_list":["post-1260","page","type-page","status-publish","hentry"],"_links":{"self":[{"href":"https:\/\/santamariaigualada.com\/cat\/index.php?rest_route=\/wp\/v2\/pages\/1260","targetHints":{"allow":["GET"]}}],"collection":[{"href":"https:\/\/santamariaigualada.com\/cat\/index.php?rest_route=\/wp\/v2\/pages"}],"about":[{"href":"https:\/\/santamariaigualada.com\/cat\/index.php?rest_route=\/wp\/v2\/types\/page"}],"author":[{"embeddable":true,"href":"https:\/\/santamariaigualada.com\/cat\/index.php?rest_route=\/wp\/v2\/users\/1"}],"replies":[{"embeddable":true,"href":"https:\/\/santamariaigualada.com\/cat\/index.php?rest_route=%2Fwp%2Fv2%2Fcomments&post=1260"}],"version-history":[{"count":3,"href":"https:\/\/santamariaigualada.com\/cat\/index.php?rest_route=\/wp\/v2\/pages\/1260\/revisions"}],"predecessor-version":[{"id":1264,"href":"https:\/\/santamariaigualada.com\/cat\/index.php?rest_route=\/wp\/v2\/pages\/1260\/revisions\/1264"}],"wp:attachment":[{"href":"https:\/\/santamariaigualada.com\/cat\/index.php?rest_route=%2Fwp%2Fv2%2Fmedia&parent=1260"}],"curies":[{"name":"wp","href":"https:\/\/api.w.org\/{rel}","templated":true}]}}