{"id":111,"date":"2024-08-09T10:54:45","date_gmt":"2024-08-09T10:54:45","guid":{"rendered":"https:\/\/santamariaigualada.com\/cat\/?page_id=111"},"modified":"2024-08-09T11:59:08","modified_gmt":"2024-08-09T11:59:08","slug":"visites","status":"publish","type":"page","link":"https:\/\/santamariaigualada.com\/cat\/?page_id=111","title":{"rendered":"Visites"},"content":{"rendered":"\n<h2 class=\"wp-block-heading\">VISITA A L&#8217;EXPOSICI\u00d3 PERMANENT D&#8217;ORFEBRERIA RELIGIOSA &#8220;FULGENTIA&#8221;<\/h2>\n\n\n\n<div class=\"wp-block-group is-nowrap is-layout-flex wp-container-core-group-is-layout-ad2f72ca wp-block-group-is-layout-flex\">\n<figure class=\"wp-block-image size-full\"><img loading=\"lazy\" decoding=\"async\" width=\"250\" height=\"250\" src=\"https:\/\/santamariaigualada.com\/cat\/wp-content\/uploads\/2024\/08\/fulgentia.jpg\" alt=\"\" class=\"wp-image-119\" srcset=\"https:\/\/santamariaigualada.com\/cat\/wp-content\/uploads\/2024\/08\/fulgentia.jpg 250w, https:\/\/santamariaigualada.com\/cat\/wp-content\/uploads\/2024\/08\/fulgentia-150x150.jpg 150w\" sizes=\"auto, (max-width: 250px) 100vw, 250px\" \/><\/figure>\n\n\n\n<p><br><br><\/p>\n\n\n\n<p>Visites comentades, en grup: concertant pr\u00e8viament dia i hora de visita al tel\u00e8fon 93 380 00 40<br><br>Per ampliar l&#8217;informaci\u00f3 de l&#8217;exposici\u00f3 permanent d&#8217;orfebreria religiosa &#8220;Fulgentia&#8221;, podeu clicar <a href=\"https:\/\/santamariaigualada.com\/Fulgentia.pdf\" target=\"_blank\" rel=\"noreferrer noopener\">aqu\u00ed<\/a><\/p>\n<\/div>\n\n\n\n<p><\/p>\n","protected":false},"excerpt":{"rendered":"<p>VISITA A L&#8217;EXPOSICI\u00d3 PERMANENT D&#8217;ORFEBRERIA RELIGIOSA &#8220;FULGENTIA&#8221; Visites comentades, en grup: concertant pr\u00e8viament dia i hora de visita al tel\u00e8fon 93 380 00 40 Per ampliar l&#8217;informaci\u00f3 de l&#8217;exposici\u00f3 permanent&hellip;<\/p>\n","protected":false},"author":1,"featured_media":0,"parent":0,"menu_order":0,"comment_status":"closed","ping_status":"closed","template":"","meta":{"footnotes":""},"class_list":["post-111","page","type-page","status-publish","hentry"],"_links":{"self":[{"href":"https:\/\/santamariaigualada.com\/cat\/index.php?rest_route=\/wp\/v2\/pages\/111","targetHints":{"allow":["GET"]}}],"collection":[{"href":"https:\/\/santamariaigualada.com\/cat\/index.php?rest_route=\/wp\/v2\/pages"}],"about":[{"href":"https:\/\/santamariaigualada.com\/cat\/index.php?rest_route=\/wp\/v2\/types\/page"}],"author":[{"embeddable":true,"href":"https:\/\/santamariaigualada.com\/cat\/index.php?rest_route=\/wp\/v2\/users\/1"}],"replies":[{"embeddable":true,"href":"https:\/\/santamariaigualada.com\/cat\/index.php?rest_route=%2Fwp%2Fv2%2Fcomments&post=111"}],"version-history":[{"count":3,"href":"https:\/\/santamariaigualada.com\/cat\/index.php?rest_route=\/wp\/v2\/pages\/111\/revisions"}],"predecessor-version":[{"id":121,"href":"https:\/\/santamariaigualada.com\/cat\/index.php?rest_route=\/wp\/v2\/pages\/111\/revisions\/121"}],"wp:attachment":[{"href":"https:\/\/santamariaigualada.com\/cat\/index.php?rest_route=%2Fwp%2Fv2%2Fmedia&parent=111"}],"curies":[{"name":"wp","href":"https:\/\/api.w.org\/{rel}","templated":true}]}}